{"id":2558,"date":"2022-08-12T13:27:22","date_gmt":"2022-08-12T11:27:22","guid":{"rendered":"http:\/\/charlotte-depelissot.com\/?page_id=2558"},"modified":"2022-09-06T15:40:01","modified_gmt":"2022-09-06T13:40:01","slug":"kiss-my-chutney","status":"publish","type":"page","link":"https:\/\/charlotte-depelissot.com\/index.php\/kiss-my-chutney\/","title":{"rendered":"Kiss my Chutney"},"content":{"rendered":"\t\t<div data-elementor-type=\"wp-page\" data-elementor-id=\"2558\" class=\"elementor elementor-2558\" data-elementor-post-type=\"page\">\n\t\t\t\t\t\t<section class=\"elementor-section elementor-top-section elementor-element elementor-element-7c39762e elementor-section-boxed elementor-section-height-default elementor-section-height-default qodef-elementor-content-no\" data-id=\"7c39762e\" data-element_type=\"section\" data-e-type=\"section\">\n\t\t\t\t\t\t<div class=\"elementor-container elementor-column-gap-default\">\n\t\t\t\t\t<div class=\"elementor-column elementor-col-100 elementor-top-column elementor-element elementor-element-5e33aaf0\" data-id=\"5e33aaf0\" data-element_type=\"column\" data-e-type=\"column\">\n\t\t\t<div class=\"elementor-widget-wrap elementor-element-populated\">\n\t\t\t\t\t\t<div class=\"elementor-element elementor-element-4127e44e elementor-widget elementor-widget-heading\" data-id=\"4127e44e\" data-element_type=\"widget\" data-e-type=\"widget\" data-widget_type=\"heading.default\">\n\t\t\t\t<div class=\"elementor-widget-container\">\n\t\t\t\t\t<h1 class=\"elementor-heading-title elementor-size-default\">Kiss my Chutney<\/h1>\t\t\t\t<\/div>\n\t\t\t\t<\/div>\n\t\t\t\t<div class=\"elementor-element elementor-element-36b992a7 elementor-widget elementor-widget-spacer\" data-id=\"36b992a7\" data-element_type=\"widget\" data-e-type=\"widget\" data-widget_type=\"spacer.default\">\n\t\t\t\t<div class=\"elementor-widget-container\">\n\t\t\t\t\t\t\t<div class=\"elementor-spacer\">\n\t\t\t<div class=\"elementor-spacer-inner\"><\/div>\n\t\t<\/div>\n\t\t\t\t\t\t<\/div>\n\t\t\t\t<\/div>\n\t\t\t\t\t<\/div>\n\t\t<\/div>\n\t\t\t\t\t<\/div>\n\t\t<\/section>\n\t\t\t\t<section class=\"elementor-section elementor-top-section elementor-element elementor-element-1f5984e elementor-section-boxed elementor-section-height-default elementor-section-height-default qodef-elementor-content-no\" data-id=\"1f5984e\" data-element_type=\"section\" data-e-type=\"section\">\n\t\t\t\t\t\t<div class=\"elementor-container elementor-column-gap-default\">\n\t\t\t\t\t<div class=\"elementor-column elementor-col-50 elementor-top-column elementor-element elementor-element-258293d\" data-id=\"258293d\" data-element_type=\"column\" data-e-type=\"column\">\n\t\t\t<div class=\"elementor-widget-wrap elementor-element-populated\">\n\t\t\t\t\t\t<div class=\"elementor-element elementor-element-b775c7a elementor-widget elementor-widget-spacer\" data-id=\"b775c7a\" data-element_type=\"widget\" data-e-type=\"widget\" data-widget_type=\"spacer.default\">\n\t\t\t\t<div class=\"elementor-widget-container\">\n\t\t\t\t\t\t\t<div class=\"elementor-spacer\">\n\t\t\t<div class=\"elementor-spacer-inner\"><\/div>\n\t\t<\/div>\n\t\t\t\t\t\t<\/div>\n\t\t\t\t<\/div>\n\t\t\t\t<div class=\"elementor-element elementor-element-669731d elementor-widget elementor-widget-heading\" data-id=\"669731d\" data-element_type=\"widget\" data-e-type=\"widget\" data-widget_type=\"heading.default\">\n\t\t\t\t<div class=\"elementor-widget-container\">\n\t\t\t\t\t<h2 class=\"elementor-heading-title elementor-size-default\">Direction Artistique, identit\u00e9 visuelle &amp; packaging<\/h2>\t\t\t\t<\/div>\n\t\t\t\t<\/div>\n\t\t\t\t<div class=\"elementor-element elementor-element-50a7887 elementor-widget elementor-widget-text-editor\" data-id=\"50a7887\" data-element_type=\"widget\" data-e-type=\"widget\" data-widget_type=\"text-editor.default\">\n\t\t\t\t<div class=\"elementor-widget-container\">\n\t\t\t\t\t\t\t\t\t<p>Cr\u00e9ation de l&rsquo;identit\u00e9 visuelle de Kiss my Chutney (marque de chutney anglaise) :<\/p><p>&gt; R\u00e9union, prise de brief et accompagnement dans la r\u00e9flexion de l&rsquo;identit\u00e9 de marque<\/p><p>&gt; Conception et cr\u00e9ation graphique du logo ainsi que de l\u2019ensemble de la charte graphique<\/p><p>&gt; Cr\u00e9ation et d\u00e9clinaisons des packagings pour toute la gamme des chutney<\/p><p>&gt; Conception et cr\u00e9ation graphique du site internet qui est en cours de r\u00e9alisation.<\/p>\t\t\t\t\t\t\t\t<\/div>\n\t\t\t\t<\/div>\n\t\t\t\t\t<\/div>\n\t\t<\/div>\n\t\t\t\t<div class=\"elementor-column elementor-col-50 elementor-top-column elementor-element elementor-element-def5bed\" data-id=\"def5bed\" data-element_type=\"column\" data-e-type=\"column\">\n\t\t\t<div class=\"elementor-widget-wrap elementor-element-populated\">\n\t\t\t\t\t\t<div class=\"elementor-element elementor-element-11b469c animated-fast elementor-invisible elementor-widget elementor-widget-image\" data-id=\"11b469c\" data-element_type=\"widget\" data-e-type=\"widget\" data-settings=\"{&quot;_animation&quot;:&quot;fadeIn&quot;}\" data-widget_type=\"image.default\">\n\t\t\t\t<div class=\"elementor-widget-container\">\n\t\t\t\t\t\t\t\t\t\t\t\t\t\t\t<img fetchpriority=\"high\" decoding=\"async\" width=\"600\" height=\"600\" src=\"https:\/\/charlotte-depelissot.com\/wp-content\/uploads\/2022\/08\/KissMyChutney_PageProjet.jpg\" class=\"attachment-large size-large wp-image-2566\" alt=\"\" srcset=\"https:\/\/charlotte-depelissot.com\/wp-content\/uploads\/2022\/08\/KissMyChutney_PageProjet.jpg 600w, https:\/\/charlotte-depelissot.com\/wp-content\/uploads\/2022\/08\/KissMyChutney_PageProjet-300x300.jpg 300w, https:\/\/charlotte-depelissot.com\/wp-content\/uploads\/2022\/08\/KissMyChutney_PageProjet-150x150.jpg 150w, https:\/\/charlotte-depelissot.com\/wp-content\/uploads\/2022\/08\/KissMyChutney_PageProjet-100x100.jpg 100w\" sizes=\"(max-width: 600px) 100vw, 600px\" \/>\t\t\t\t\t\t\t\t\t\t\t\t\t\t\t<\/div>\n\t\t\t\t<\/div>\n\t\t\t\t\t<\/div>\n\t\t<\/div>\n\t\t\t\t\t<\/div>\n\t\t<\/section>\n\t\t\t\t<section class=\"elementor-section elementor-top-section elementor-element elementor-element-54196864 elementor-section-boxed elementor-section-height-default elementor-section-height-default qodef-elementor-content-no\" data-id=\"54196864\" data-element_type=\"section\" data-e-type=\"section\">\n\t\t\t\t\t\t<div class=\"elementor-container elementor-column-gap-default\">\n\t\t\t\t\t<div class=\"elementor-column elementor-col-100 elementor-top-column elementor-element elementor-element-588ac8b5\" data-id=\"588ac8b5\" data-element_type=\"column\" data-e-type=\"column\">\n\t\t\t<div class=\"elementor-widget-wrap elementor-element-populated\">\n\t\t\t\t\t\t<div class=\"elementor-element elementor-element-e6e3238 elementor-widget elementor-widget-qi_addons_for_elementor_before_after\" data-id=\"e6e3238\" data-element_type=\"widget\" data-e-type=\"widget\" data-widget_type=\"qi_addons_for_elementor_before_after.default\">\n\t\t\t\t<div class=\"elementor-widget-container\">\n\t\t\t\t\t<div class=\"qodef-shortcode qodef-m  qodef-qi-before-after qodef--horizontal\">\n\t<div class=\"qodef-before-after-image-holder qodef-m-image\" data-offset=\"50\">\n\t\t<img decoding=\"async\" width=\"2246\" height=\"1498\" src=\"https:\/\/charlotte-depelissot.com\/wp-content\/uploads\/2022\/08\/KissChutney_PageProjet-1-1.jpg\" class=\"attachment-full size-full\" alt=\"\" srcset=\"https:\/\/charlotte-depelissot.com\/wp-content\/uploads\/2022\/08\/KissChutney_PageProjet-1-1.jpg 2246w, https:\/\/charlotte-depelissot.com\/wp-content\/uploads\/2022\/08\/KissChutney_PageProjet-1-1-300x200.jpg 300w, https:\/\/charlotte-depelissot.com\/wp-content\/uploads\/2022\/08\/KissChutney_PageProjet-1-1-1024x683.jpg 1024w, https:\/\/charlotte-depelissot.com\/wp-content\/uploads\/2022\/08\/KissChutney_PageProjet-1-1-768x512.jpg 768w, https:\/\/charlotte-depelissot.com\/wp-content\/uploads\/2022\/08\/KissChutney_PageProjet-1-1-1536x1024.jpg 1536w, https:\/\/charlotte-depelissot.com\/wp-content\/uploads\/2022\/08\/KissChutney_PageProjet-1-1-2048x1366.jpg 2048w, https:\/\/charlotte-depelissot.com\/wp-content\/uploads\/2022\/08\/KissChutney_PageProjet-1-1-600x400.jpg 600w\" sizes=\"(max-width: 2246px) 100vw, 2246px\" \/><img decoding=\"async\" width=\"2246\" height=\"1498\" src=\"https:\/\/charlotte-depelissot.com\/wp-content\/uploads\/2022\/08\/KissChutney_PageProjet-2-1.jpg\" class=\"attachment-full size-full\" alt=\"\" srcset=\"https:\/\/charlotte-depelissot.com\/wp-content\/uploads\/2022\/08\/KissChutney_PageProjet-2-1.jpg 2246w, https:\/\/charlotte-depelissot.com\/wp-content\/uploads\/2022\/08\/KissChutney_PageProjet-2-1-300x200.jpg 300w, https:\/\/charlotte-depelissot.com\/wp-content\/uploads\/2022\/08\/KissChutney_PageProjet-2-1-1024x683.jpg 1024w, https:\/\/charlotte-depelissot.com\/wp-content\/uploads\/2022\/08\/KissChutney_PageProjet-2-1-768x512.jpg 768w, https:\/\/charlotte-depelissot.com\/wp-content\/uploads\/2022\/08\/KissChutney_PageProjet-2-1-1536x1024.jpg 1536w, https:\/\/charlotte-depelissot.com\/wp-content\/uploads\/2022\/08\/KissChutney_PageProjet-2-1-2048x1366.jpg 2048w, https:\/\/charlotte-depelissot.com\/wp-content\/uploads\/2022\/08\/KissChutney_PageProjet-2-1-600x400.jpg 600w\" sizes=\"(max-width: 2246px) 100vw, 2246px\" \/>\t<\/div>\n\t\t\t<div class=\"qodef-handle-text\">\n\t\t\tfaire glisser\t\t<\/div>\n\t<\/div>\n\t\t\t\t<\/div>\n\t\t\t\t<\/div>\n\t\t\t\t\t<\/div>\n\t\t<\/div>\n\t\t\t\t\t<\/div>\n\t\t<\/section>\n\t\t\t\t<section class=\"elementor-section elementor-top-section elementor-element elementor-element-313234b6 elementor-section-boxed elementor-section-height-default elementor-section-height-default qodef-elementor-content-no\" data-id=\"313234b6\" data-element_type=\"section\" data-e-type=\"section\">\n\t\t\t\t\t\t<div class=\"elementor-container elementor-column-gap-default\">\n\t\t\t\t\t<div class=\"elementor-column elementor-col-100 elementor-top-column elementor-element elementor-element-267a6037\" data-id=\"267a6037\" data-element_type=\"column\" data-e-type=\"column\">\n\t\t\t<div class=\"elementor-widget-wrap elementor-element-populated\">\n\t\t\t\t\t\t<div class=\"elementor-element elementor-element-211a5a36 elementor-widget elementor-widget-qi_addons_for_elementor_image_gallery\" data-id=\"211a5a36\" data-element_type=\"widget\" data-e-type=\"widget\" data-widget_type=\"qi_addons_for_elementor_image_gallery.default\">\n\t\t\t\t<div class=\"elementor-widget-container\">\n\t\t\t\t\t<div class=\"qodef-shortcode qodef-m  qodef-qi-image-gallery qodef-qi-fslightbox-popup qodef-popup-gallery qodef-image--hover-zoom  qodef-qi-grid qodef-layout--qi-columns  qodef-col-num--3   qodef-responsive--predefined\">\n\t<div class=\"qodef-grid-inner\">\n\t\t<div class=\"qodef-e qodef-image-wrapper qodef-grid-item\">\n\t<div class=\"qodef-e-inner\">\n\t\t\t\t\t<a class=\"qodef-popup-item\" itemprop=\"image\" href=\"https:\/\/charlotte-depelissot.com\/wp-content\/uploads\/2022\/08\/KissMyChutney-1_1080-1080.jpg\" data-type=\"image\" data-fslightbox=\"gallery-657\">\n\t\t\t\t\t<img loading=\"lazy\" decoding=\"async\" width=\"1080\" height=\"1080\" src=\"https:\/\/charlotte-depelissot.com\/wp-content\/uploads\/2022\/08\/KissMyChutney-1_1080-1080.jpg\" class=\"attachment-full size-full\" alt=\"\" srcset=\"https:\/\/charlotte-depelissot.com\/wp-content\/uploads\/2022\/08\/KissMyChutney-1_1080-1080.jpg 1080w, https:\/\/charlotte-depelissot.com\/wp-content\/uploads\/2022\/08\/KissMyChutney-1_1080-1080-300x300.jpg 300w, https:\/\/charlotte-depelissot.com\/wp-content\/uploads\/2022\/08\/KissMyChutney-1_1080-1080-1024x1024.jpg 1024w, https:\/\/charlotte-depelissot.com\/wp-content\/uploads\/2022\/08\/KissMyChutney-1_1080-1080-150x150.jpg 150w, https:\/\/charlotte-depelissot.com\/wp-content\/uploads\/2022\/08\/KissMyChutney-1_1080-1080-768x768.jpg 768w, https:\/\/charlotte-depelissot.com\/wp-content\/uploads\/2022\/08\/KissMyChutney-1_1080-1080-650x650.jpg 650w, https:\/\/charlotte-depelissot.com\/wp-content\/uploads\/2022\/08\/KissMyChutney-1_1080-1080-600x600.jpg 600w, https:\/\/charlotte-depelissot.com\/wp-content\/uploads\/2022\/08\/KissMyChutney-1_1080-1080-100x100.jpg 100w\" sizes=\"(max-width: 1080px) 100vw, 1080px\" \/>\t\t\t\t\t<\/a>\n\t\t\t<\/div>\n<\/div>\n<div class=\"qodef-e qodef-image-wrapper qodef-grid-item\">\n\t<div class=\"qodef-e-inner\">\n\t\t\t\t\t<a class=\"qodef-popup-item\" itemprop=\"image\" href=\"https:\/\/charlotte-depelissot.com\/wp-content\/uploads\/2022\/08\/KissMyChutney-6_1080-1080.jpg\" data-type=\"image\" data-fslightbox=\"gallery-657\">\n\t\t\t\t\t<img loading=\"lazy\" decoding=\"async\" width=\"1080\" height=\"1080\" src=\"https:\/\/charlotte-depelissot.com\/wp-content\/uploads\/2022\/08\/KissMyChutney-6_1080-1080.jpg\" class=\"attachment-full size-full\" alt=\"\" srcset=\"https:\/\/charlotte-depelissot.com\/wp-content\/uploads\/2022\/08\/KissMyChutney-6_1080-1080.jpg 1080w, https:\/\/charlotte-depelissot.com\/wp-content\/uploads\/2022\/08\/KissMyChutney-6_1080-1080-300x300.jpg 300w, https:\/\/charlotte-depelissot.com\/wp-content\/uploads\/2022\/08\/KissMyChutney-6_1080-1080-1024x1024.jpg 1024w, https:\/\/charlotte-depelissot.com\/wp-content\/uploads\/2022\/08\/KissMyChutney-6_1080-1080-150x150.jpg 150w, https:\/\/charlotte-depelissot.com\/wp-content\/uploads\/2022\/08\/KissMyChutney-6_1080-1080-768x768.jpg 768w, https:\/\/charlotte-depelissot.com\/wp-content\/uploads\/2022\/08\/KissMyChutney-6_1080-1080-650x650.jpg 650w, https:\/\/charlotte-depelissot.com\/wp-content\/uploads\/2022\/08\/KissMyChutney-6_1080-1080-600x600.jpg 600w, https:\/\/charlotte-depelissot.com\/wp-content\/uploads\/2022\/08\/KissMyChutney-6_1080-1080-100x100.jpg 100w\" sizes=\"(max-width: 1080px) 100vw, 1080px\" \/>\t\t\t\t\t<\/a>\n\t\t\t<\/div>\n<\/div>\n<div class=\"qodef-e qodef-image-wrapper qodef-grid-item\">\n\t<div class=\"qodef-e-inner\">\n\t\t\t\t\t<a class=\"qodef-popup-item\" itemprop=\"image\" href=\"https:\/\/charlotte-depelissot.com\/wp-content\/uploads\/2022\/08\/KissMyChutney-2_1080-1080-1.jpg\" data-type=\"image\" data-fslightbox=\"gallery-657\">\n\t\t\t\t\t<img loading=\"lazy\" decoding=\"async\" width=\"1080\" height=\"1080\" src=\"https:\/\/charlotte-depelissot.com\/wp-content\/uploads\/2022\/08\/KissMyChutney-2_1080-1080-1.jpg\" class=\"attachment-full size-full\" alt=\"\" srcset=\"https:\/\/charlotte-depelissot.com\/wp-content\/uploads\/2022\/08\/KissMyChutney-2_1080-1080-1.jpg 1080w, https:\/\/charlotte-depelissot.com\/wp-content\/uploads\/2022\/08\/KissMyChutney-2_1080-1080-1-300x300.jpg 300w, https:\/\/charlotte-depelissot.com\/wp-content\/uploads\/2022\/08\/KissMyChutney-2_1080-1080-1-1024x1024.jpg 1024w, https:\/\/charlotte-depelissot.com\/wp-content\/uploads\/2022\/08\/KissMyChutney-2_1080-1080-1-150x150.jpg 150w, https:\/\/charlotte-depelissot.com\/wp-content\/uploads\/2022\/08\/KissMyChutney-2_1080-1080-1-768x768.jpg 768w, https:\/\/charlotte-depelissot.com\/wp-content\/uploads\/2022\/08\/KissMyChutney-2_1080-1080-1-650x650.jpg 650w, https:\/\/charlotte-depelissot.com\/wp-content\/uploads\/2022\/08\/KissMyChutney-2_1080-1080-1-600x600.jpg 600w, https:\/\/charlotte-depelissot.com\/wp-content\/uploads\/2022\/08\/KissMyChutney-2_1080-1080-1-100x100.jpg 100w\" sizes=\"(max-width: 1080px) 100vw, 1080px\" \/>\t\t\t\t\t<\/a>\n\t\t\t<\/div>\n<\/div>\n<div class=\"qodef-e qodef-image-wrapper qodef-grid-item\">\n\t<div class=\"qodef-e-inner\">\n\t\t\t\t\t<a class=\"qodef-popup-item\" itemprop=\"image\" href=\"https:\/\/charlotte-depelissot.com\/wp-content\/uploads\/2022\/08\/KissMyChutney-5_1080-1080.jpg\" data-type=\"image\" data-fslightbox=\"gallery-657\">\n\t\t\t\t\t<img loading=\"lazy\" decoding=\"async\" width=\"1080\" height=\"1080\" src=\"https:\/\/charlotte-depelissot.com\/wp-content\/uploads\/2022\/08\/KissMyChutney-5_1080-1080.jpg\" class=\"attachment-full size-full\" alt=\"\" srcset=\"https:\/\/charlotte-depelissot.com\/wp-content\/uploads\/2022\/08\/KissMyChutney-5_1080-1080.jpg 1080w, https:\/\/charlotte-depelissot.com\/wp-content\/uploads\/2022\/08\/KissMyChutney-5_1080-1080-300x300.jpg 300w, https:\/\/charlotte-depelissot.com\/wp-content\/uploads\/2022\/08\/KissMyChutney-5_1080-1080-1024x1024.jpg 1024w, https:\/\/charlotte-depelissot.com\/wp-content\/uploads\/2022\/08\/KissMyChutney-5_1080-1080-150x150.jpg 150w, https:\/\/charlotte-depelissot.com\/wp-content\/uploads\/2022\/08\/KissMyChutney-5_1080-1080-768x768.jpg 768w, https:\/\/charlotte-depelissot.com\/wp-content\/uploads\/2022\/08\/KissMyChutney-5_1080-1080-650x650.jpg 650w, https:\/\/charlotte-depelissot.com\/wp-content\/uploads\/2022\/08\/KissMyChutney-5_1080-1080-600x600.jpg 600w, https:\/\/charlotte-depelissot.com\/wp-content\/uploads\/2022\/08\/KissMyChutney-5_1080-1080-100x100.jpg 100w\" sizes=\"(max-width: 1080px) 100vw, 1080px\" \/>\t\t\t\t\t<\/a>\n\t\t\t<\/div>\n<\/div>\n<div class=\"qodef-e qodef-image-wrapper qodef-grid-item\">\n\t<div class=\"qodef-e-inner\">\n\t\t\t\t\t<a class=\"qodef-popup-item\" itemprop=\"image\" href=\"https:\/\/charlotte-depelissot.com\/wp-content\/uploads\/2022\/08\/KissMyChutney-4_1080-1080.jpg\" data-type=\"image\" data-fslightbox=\"gallery-657\">\n\t\t\t\t\t<img loading=\"lazy\" decoding=\"async\" width=\"1080\" height=\"1080\" src=\"https:\/\/charlotte-depelissot.com\/wp-content\/uploads\/2022\/08\/KissMyChutney-4_1080-1080.jpg\" class=\"attachment-full size-full\" alt=\"\" srcset=\"https:\/\/charlotte-depelissot.com\/wp-content\/uploads\/2022\/08\/KissMyChutney-4_1080-1080.jpg 1080w, https:\/\/charlotte-depelissot.com\/wp-content\/uploads\/2022\/08\/KissMyChutney-4_1080-1080-300x300.jpg 300w, https:\/\/charlotte-depelissot.com\/wp-content\/uploads\/2022\/08\/KissMyChutney-4_1080-1080-1024x1024.jpg 1024w, https:\/\/charlotte-depelissot.com\/wp-content\/uploads\/2022\/08\/KissMyChutney-4_1080-1080-150x150.jpg 150w, https:\/\/charlotte-depelissot.com\/wp-content\/uploads\/2022\/08\/KissMyChutney-4_1080-1080-768x768.jpg 768w, https:\/\/charlotte-depelissot.com\/wp-content\/uploads\/2022\/08\/KissMyChutney-4_1080-1080-650x650.jpg 650w, https:\/\/charlotte-depelissot.com\/wp-content\/uploads\/2022\/08\/KissMyChutney-4_1080-1080-600x600.jpg 600w, https:\/\/charlotte-depelissot.com\/wp-content\/uploads\/2022\/08\/KissMyChutney-4_1080-1080-100x100.jpg 100w\" sizes=\"(max-width: 1080px) 100vw, 1080px\" \/>\t\t\t\t\t<\/a>\n\t\t\t<\/div>\n<\/div>\n<div class=\"qodef-e qodef-image-wrapper qodef-grid-item\">\n\t<div class=\"qodef-e-inner\">\n\t\t\t\t\t<a class=\"qodef-popup-item\" itemprop=\"image\" href=\"https:\/\/charlotte-depelissot.com\/wp-content\/uploads\/2022\/08\/KissMyChutney-2_1080-1080.jpg\" data-type=\"image\" data-fslightbox=\"gallery-657\">\n\t\t\t\t\t<img loading=\"lazy\" decoding=\"async\" width=\"1080\" height=\"1080\" src=\"https:\/\/charlotte-depelissot.com\/wp-content\/uploads\/2022\/08\/KissMyChutney-2_1080-1080.jpg\" class=\"attachment-full size-full\" alt=\"\" srcset=\"https:\/\/charlotte-depelissot.com\/wp-content\/uploads\/2022\/08\/KissMyChutney-2_1080-1080.jpg 1080w, https:\/\/charlotte-depelissot.com\/wp-content\/uploads\/2022\/08\/KissMyChutney-2_1080-1080-300x300.jpg 300w, https:\/\/charlotte-depelissot.com\/wp-content\/uploads\/2022\/08\/KissMyChutney-2_1080-1080-1024x1024.jpg 1024w, https:\/\/charlotte-depelissot.com\/wp-content\/uploads\/2022\/08\/KissMyChutney-2_1080-1080-150x150.jpg 150w, https:\/\/charlotte-depelissot.com\/wp-content\/uploads\/2022\/08\/KissMyChutney-2_1080-1080-768x768.jpg 768w, https:\/\/charlotte-depelissot.com\/wp-content\/uploads\/2022\/08\/KissMyChutney-2_1080-1080-650x650.jpg 650w, https:\/\/charlotte-depelissot.com\/wp-content\/uploads\/2022\/08\/KissMyChutney-2_1080-1080-600x600.jpg 600w, https:\/\/charlotte-depelissot.com\/wp-content\/uploads\/2022\/08\/KissMyChutney-2_1080-1080-100x100.jpg 100w\" sizes=\"(max-width: 1080px) 100vw, 1080px\" \/>\t\t\t\t\t<\/a>\n\t\t\t<\/div>\n<\/div>\n\t<\/div>\n<\/div>\n\t\t\t\t<\/div>\n\t\t\t\t<\/div>\n\t\t\t\t\t<\/div>\n\t\t<\/div>\n\t\t\t\t\t<\/div>\n\t\t<\/section>\n\t\t\t\t<section class=\"elementor-section elementor-top-section elementor-element elementor-element-34663e03 elementor-section-boxed elementor-section-height-default elementor-section-height-default qodef-elementor-content-no\" data-id=\"34663e03\" data-element_type=\"section\" data-e-type=\"section\">\n\t\t\t\t\t\t<div class=\"elementor-container elementor-column-gap-default\">\n\t\t\t\t\t<div class=\"elementor-column elementor-col-50 elementor-top-column elementor-element elementor-element-3d42271f\" data-id=\"3d42271f\" data-element_type=\"column\" data-e-type=\"column\">\n\t\t\t<div class=\"elementor-widget-wrap elementor-element-populated\">\n\t\t\t\t\t\t<div class=\"elementor-element elementor-element-41e2ead3 elementor-widget elementor-widget-button\" data-id=\"41e2ead3\" data-element_type=\"widget\" data-e-type=\"widget\" data-widget_type=\"button.default\">\n\t\t\t\t<div class=\"elementor-widget-container\">\n\t\t\t\t\t\t\t\t\t<div class=\"elementor-button-wrapper\">\n\t\t\t\t\t<a class=\"elementor-button elementor-button-link elementor-size-sm\" href=\"\">\n\t\t\t\t\t\t<span class=\"elementor-button-content-wrapper\">\n\t\t\t\t\t\t<span class=\"elementor-button-icon\">\n\t\t\t\t<i aria-hidden=\"true\" class=\"far fa-arrow-alt-circle-left\"><\/i>\t\t\t<\/span>\n\t\t\t\t\t\t\t\t\t<span class=\"elementor-button-text\">Projet pr\u00e9c\u00e9dent<\/span>\n\t\t\t\t\t<\/span>\n\t\t\t\t\t<\/a>\n\t\t\t\t<\/div>\n\t\t\t\t\t\t\t\t<\/div>\n\t\t\t\t<\/div>\n\t\t\t\t\t<\/div>\n\t\t<\/div>\n\t\t\t\t<div class=\"elementor-column elementor-col-50 elementor-top-column elementor-element elementor-element-1295ed3d\" data-id=\"1295ed3d\" data-element_type=\"column\" data-e-type=\"column\">\n\t\t\t<div class=\"elementor-widget-wrap elementor-element-populated\">\n\t\t\t\t\t\t<div class=\"elementor-element elementor-element-4b352f7d elementor-align-right elementor-widget elementor-widget-button\" data-id=\"4b352f7d\" data-element_type=\"widget\" data-e-type=\"widget\" data-widget_type=\"button.default\">\n\t\t\t\t<div class=\"elementor-widget-container\">\n\t\t\t\t\t\t\t\t\t<div class=\"elementor-button-wrapper\">\n\t\t\t\t\t<a class=\"elementor-button elementor-button-link elementor-size-sm\" href=\"https:\/\/charlotte-depelissot.com\/index.php\/beaming-lab\/\">\n\t\t\t\t\t\t<span class=\"elementor-button-content-wrapper\">\n\t\t\t\t\t\t<span class=\"elementor-button-icon\">\n\t\t\t\t<i aria-hidden=\"true\" class=\"far fa-arrow-alt-circle-right\"><\/i>\t\t\t<\/span>\n\t\t\t\t\t\t\t\t\t<span class=\"elementor-button-text\">Projet suivant<\/span>\n\t\t\t\t\t<\/span>\n\t\t\t\t\t<\/a>\n\t\t\t\t<\/div>\n\t\t\t\t\t\t\t\t<\/div>\n\t\t\t\t<\/div>\n\t\t\t\t\t<\/div>\n\t\t<\/div>\n\t\t\t\t\t<\/div>\n\t\t<\/section>\n\t\t\t\t<\/div>\n\t\t","protected":false},"excerpt":{"rendered":"<p>Kiss my Chutney Direction Artistique, identit\u00e9 visuelle &#038; packaging Cr\u00e9ation de l&rsquo;identit\u00e9 visuelle de Kiss my Chutney (marque de chutney anglaise) : &gt; R\u00e9union, prise de brief et accompagnement dans la r\u00e9flexion de l&rsquo;identit\u00e9 de marque &gt; Conception et cr\u00e9ation graphique du logo ainsi que de l\u2019ensemble de la charte graphique &gt; Cr\u00e9ation et d\u00e9clinaisons [&hellip;]<\/p>\n","protected":false},"author":1,"featured_media":0,"parent":0,"menu_order":0,"comment_status":"closed","ping_status":"closed","template":"","meta":{"footnotes":""},"class_list":["post-2558","page","type-page","status-publish","hentry"],"_links":{"self":[{"href":"https:\/\/charlotte-depelissot.com\/index.php\/wp-json\/wp\/v2\/pages\/2558","targetHints":{"allow":["GET"]}}],"collection":[{"href":"https:\/\/charlotte-depelissot.com\/index.php\/wp-json\/wp\/v2\/pages"}],"about":[{"href":"https:\/\/charlotte-depelissot.com\/index.php\/wp-json\/wp\/v2\/types\/page"}],"author":[{"embeddable":true,"href":"https:\/\/charlotte-depelissot.com\/index.php\/wp-json\/wp\/v2\/users\/1"}],"replies":[{"embeddable":true,"href":"https:\/\/charlotte-depelissot.com\/index.php\/wp-json\/wp\/v2\/comments?post=2558"}],"version-history":[{"count":57,"href":"https:\/\/charlotte-depelissot.com\/index.php\/wp-json\/wp\/v2\/pages\/2558\/revisions"}],"predecessor-version":[{"id":3146,"href":"https:\/\/charlotte-depelissot.com\/index.php\/wp-json\/wp\/v2\/pages\/2558\/revisions\/3146"}],"wp:attachment":[{"href":"https:\/\/charlotte-depelissot.com\/index.php\/wp-json\/wp\/v2\/media?parent=2558"}],"curies":[{"name":"wp","href":"https:\/\/api.w.org\/{rel}","templated":true}]}}