{"id":2493,"date":"2022-08-11T17:31:50","date_gmt":"2022-08-11T15:31:50","guid":{"rendered":"http:\/\/charlotte-depelissot.com\/?page_id=2493"},"modified":"2022-09-08T17:09:47","modified_gmt":"2022-09-08T15:09:47","slug":"le-couvent-marseille","status":"publish","type":"page","link":"https:\/\/charlotte-depelissot.com\/index.php\/le-couvent-marseille\/","title":{"rendered":"le Couvent &#8211; Marseille"},"content":{"rendered":"\t\t<div data-elementor-type=\"wp-page\" data-elementor-id=\"2493\" class=\"elementor elementor-2493\" data-elementor-post-type=\"page\">\n\t\t\t\t\t\t<section class=\"elementor-section elementor-top-section elementor-element elementor-element-1bf99987 elementor-section-boxed elementor-section-height-default elementor-section-height-default qodef-elementor-content-no\" data-id=\"1bf99987\" data-element_type=\"section\" data-e-type=\"section\">\n\t\t\t\t\t\t<div class=\"elementor-container elementor-column-gap-default\">\n\t\t\t\t\t<div class=\"elementor-column elementor-col-100 elementor-top-column elementor-element elementor-element-547fb617\" data-id=\"547fb617\" data-element_type=\"column\" data-e-type=\"column\">\n\t\t\t<div class=\"elementor-widget-wrap elementor-element-populated\">\n\t\t\t\t\t\t<div class=\"elementor-element elementor-element-514be6b6 elementor-widget elementor-widget-heading\" data-id=\"514be6b6\" data-element_type=\"widget\" data-e-type=\"widget\" data-widget_type=\"heading.default\">\n\t\t\t\t<div class=\"elementor-widget-container\">\n\t\t\t\t\t<h1 class=\"elementor-heading-title elementor-size-default\">le Couvent - Marseille<\/h1>\t\t\t\t<\/div>\n\t\t\t\t<\/div>\n\t\t\t\t<div class=\"elementor-element elementor-element-4dcc40b1 elementor-widget elementor-widget-spacer\" data-id=\"4dcc40b1\" data-element_type=\"widget\" data-e-type=\"widget\" data-widget_type=\"spacer.default\">\n\t\t\t\t<div class=\"elementor-widget-container\">\n\t\t\t\t\t\t\t<div class=\"elementor-spacer\">\n\t\t\t<div class=\"elementor-spacer-inner\"><\/div>\n\t\t<\/div>\n\t\t\t\t\t\t<\/div>\n\t\t\t\t<\/div>\n\t\t\t\t\t<\/div>\n\t\t<\/div>\n\t\t\t\t\t<\/div>\n\t\t<\/section>\n\t\t\t\t<section class=\"elementor-section elementor-top-section elementor-element elementor-element-5ba0213 elementor-section-boxed elementor-section-height-default elementor-section-height-default qodef-elementor-content-no\" data-id=\"5ba0213\" data-element_type=\"section\" data-e-type=\"section\">\n\t\t\t\t\t\t<div class=\"elementor-container elementor-column-gap-default\">\n\t\t\t\t\t<div class=\"elementor-column elementor-col-50 elementor-top-column elementor-element elementor-element-9678147\" data-id=\"9678147\" data-element_type=\"column\" data-e-type=\"column\">\n\t\t\t<div class=\"elementor-widget-wrap elementor-element-populated\">\n\t\t\t\t\t\t<div class=\"elementor-element elementor-element-2a09dde elementor-widget elementor-widget-spacer\" data-id=\"2a09dde\" data-element_type=\"widget\" data-e-type=\"widget\" data-widget_type=\"spacer.default\">\n\t\t\t\t<div class=\"elementor-widget-container\">\n\t\t\t\t\t\t\t<div class=\"elementor-spacer\">\n\t\t\t<div class=\"elementor-spacer-inner\"><\/div>\n\t\t<\/div>\n\t\t\t\t\t\t<\/div>\n\t\t\t\t<\/div>\n\t\t\t\t<div class=\"elementor-element elementor-element-0f227d7 elementor-widget elementor-widget-heading\" data-id=\"0f227d7\" data-element_type=\"widget\" data-e-type=\"widget\" data-widget_type=\"heading.default\">\n\t\t\t\t<div class=\"elementor-widget-container\">\n\t\t\t\t\t<h2 class=\"elementor-heading-title elementor-size-default\">Direction Artistique &amp; identit\u00e9 visuelle<\/h2>\t\t\t\t<\/div>\n\t\t\t\t<\/div>\n\t\t\t\t<div class=\"elementor-element elementor-element-6553b30 elementor-widget elementor-widget-text-editor\" data-id=\"6553b30\" data-element_type=\"widget\" data-e-type=\"widget\" data-widget_type=\"text-editor.default\">\n\t\t\t\t<div class=\"elementor-widget-container\">\n\t\t\t\t\t\t\t\t\t<p>Cr\u00e9ation de l&rsquo;identit\u00e9 visuelle du Couvent, appartements de luxe \u00e0 Marseille :<\/p><p>&gt; D\u00e9finition des besoins avec le client<\/p><p>&gt; Accompagnement dans la r\u00e9flexion de l&rsquo;identit\u00e9 de marque<\/p><p>&gt; Conception et cr\u00e9ation graphique du logo ainsi que de l\u2019ensemble de la charte graphique et des \u00e9l\u00e9ments graphiques<\/p><p>&gt; Conception et cr\u00e9ation graphique des supports de communication ; cartes de visite, dossier de presse, plan de Marseille&#8230;<\/p>\t\t\t\t\t\t\t\t<\/div>\n\t\t\t\t<\/div>\n\t\t\t\t\t<\/div>\n\t\t<\/div>\n\t\t\t\t<div class=\"elementor-column elementor-col-50 elementor-top-column elementor-element elementor-element-b537de1\" data-id=\"b537de1\" data-element_type=\"column\" data-e-type=\"column\">\n\t\t\t<div class=\"elementor-widget-wrap elementor-element-populated\">\n\t\t\t\t\t\t<div class=\"elementor-element elementor-element-5315903 animated-fast elementor-invisible elementor-widget elementor-widget-image\" data-id=\"5315903\" data-element_type=\"widget\" data-e-type=\"widget\" data-settings=\"{&quot;_animation&quot;:&quot;fadeIn&quot;}\" data-widget_type=\"image.default\">\n\t\t\t\t<div class=\"elementor-widget-container\">\n\t\t\t\t\t\t\t\t\t\t\t\t\t\t\t<img fetchpriority=\"high\" decoding=\"async\" width=\"600\" height=\"600\" src=\"https:\/\/charlotte-depelissot.com\/wp-content\/uploads\/2022\/08\/leCouvent_PageProjet.jpg\" class=\"attachment-large size-large wp-image-2506\" alt=\"\" srcset=\"https:\/\/charlotte-depelissot.com\/wp-content\/uploads\/2022\/08\/leCouvent_PageProjet.jpg 600w, https:\/\/charlotte-depelissot.com\/wp-content\/uploads\/2022\/08\/leCouvent_PageProjet-300x300.jpg 300w, https:\/\/charlotte-depelissot.com\/wp-content\/uploads\/2022\/08\/leCouvent_PageProjet-150x150.jpg 150w, https:\/\/charlotte-depelissot.com\/wp-content\/uploads\/2022\/08\/leCouvent_PageProjet-100x100.jpg 100w\" sizes=\"(max-width: 600px) 100vw, 600px\" \/>\t\t\t\t\t\t\t\t\t\t\t\t\t\t\t<\/div>\n\t\t\t\t<\/div>\n\t\t\t\t\t<\/div>\n\t\t<\/div>\n\t\t\t\t\t<\/div>\n\t\t<\/section>\n\t\t\t\t<section class=\"elementor-section elementor-top-section elementor-element elementor-element-5aa99dad elementor-section-boxed elementor-section-height-default elementor-section-height-default qodef-elementor-content-no\" data-id=\"5aa99dad\" data-element_type=\"section\" data-e-type=\"section\">\n\t\t\t\t\t\t<div class=\"elementor-container elementor-column-gap-default\">\n\t\t\t\t\t<div class=\"elementor-column elementor-col-100 elementor-top-column elementor-element elementor-element-7144492d\" data-id=\"7144492d\" data-element_type=\"column\" data-e-type=\"column\">\n\t\t\t<div class=\"elementor-widget-wrap elementor-element-populated\">\n\t\t\t\t\t\t<div class=\"elementor-element elementor-element-195a7943 elementor-widget elementor-widget-qi_addons_for_elementor_before_after\" data-id=\"195a7943\" data-element_type=\"widget\" data-e-type=\"widget\" data-widget_type=\"qi_addons_for_elementor_before_after.default\">\n\t\t\t\t<div class=\"elementor-widget-container\">\n\t\t\t\t\t<div class=\"qodef-shortcode qodef-m  qodef-qi-before-after qodef--horizontal\">\n\t<div class=\"qodef-before-after-image-holder qodef-m-image\" data-offset=\"50\">\n\t\t<img decoding=\"async\" width=\"1743\" height=\"1312\" src=\"https:\/\/charlotte-depelissot.com\/wp-content\/uploads\/2022\/08\/600x448-CS5_LE-COUVENT-MARSEILE_2022_V2.png\" class=\"attachment-full size-full\" alt=\"\" srcset=\"https:\/\/charlotte-depelissot.com\/wp-content\/uploads\/2022\/08\/600x448-CS5_LE-COUVENT-MARSEILE_2022_V2.png 1743w, https:\/\/charlotte-depelissot.com\/wp-content\/uploads\/2022\/08\/600x448-CS5_LE-COUVENT-MARSEILE_2022_V2-300x226.png 300w, https:\/\/charlotte-depelissot.com\/wp-content\/uploads\/2022\/08\/600x448-CS5_LE-COUVENT-MARSEILE_2022_V2-1024x771.png 1024w, https:\/\/charlotte-depelissot.com\/wp-content\/uploads\/2022\/08\/600x448-CS5_LE-COUVENT-MARSEILE_2022_V2-768x578.png 768w, https:\/\/charlotte-depelissot.com\/wp-content\/uploads\/2022\/08\/600x448-CS5_LE-COUVENT-MARSEILE_2022_V2-1536x1156.png 1536w, https:\/\/charlotte-depelissot.com\/wp-content\/uploads\/2022\/08\/600x448-CS5_LE-COUVENT-MARSEILE_2022_V2-600x452.png 600w\" sizes=\"(max-width: 1743px) 100vw, 1743px\" \/><img decoding=\"async\" width=\"1743\" height=\"1312\" src=\"https:\/\/charlotte-depelissot.com\/wp-content\/uploads\/2022\/08\/600x448-CS5_LE-COUVENT-MARSEILE_2022_V1.png\" class=\"attachment-full size-full\" alt=\"\" srcset=\"https:\/\/charlotte-depelissot.com\/wp-content\/uploads\/2022\/08\/600x448-CS5_LE-COUVENT-MARSEILE_2022_V1.png 1743w, https:\/\/charlotte-depelissot.com\/wp-content\/uploads\/2022\/08\/600x448-CS5_LE-COUVENT-MARSEILE_2022_V1-300x226.png 300w, https:\/\/charlotte-depelissot.com\/wp-content\/uploads\/2022\/08\/600x448-CS5_LE-COUVENT-MARSEILE_2022_V1-1024x771.png 1024w, https:\/\/charlotte-depelissot.com\/wp-content\/uploads\/2022\/08\/600x448-CS5_LE-COUVENT-MARSEILE_2022_V1-768x578.png 768w, https:\/\/charlotte-depelissot.com\/wp-content\/uploads\/2022\/08\/600x448-CS5_LE-COUVENT-MARSEILE_2022_V1-1536x1156.png 1536w, https:\/\/charlotte-depelissot.com\/wp-content\/uploads\/2022\/08\/600x448-CS5_LE-COUVENT-MARSEILE_2022_V1-600x452.png 600w\" sizes=\"(max-width: 1743px) 100vw, 1743px\" \/>\t<\/div>\n\t\t\t<div class=\"qodef-handle-text\">\n\t\t\tfaire glisser\t\t<\/div>\n\t<\/div>\n\t\t\t\t<\/div>\n\t\t\t\t<\/div>\n\t\t\t\t\t<\/div>\n\t\t<\/div>\n\t\t\t\t\t<\/div>\n\t\t<\/section>\n\t\t\t\t<section class=\"elementor-section elementor-top-section elementor-element elementor-element-7ac70880 elementor-section-boxed elementor-section-height-default elementor-section-height-default qodef-elementor-content-no\" data-id=\"7ac70880\" data-element_type=\"section\" data-e-type=\"section\">\n\t\t\t\t\t\t<div class=\"elementor-container elementor-column-gap-default\">\n\t\t\t\t\t<div class=\"elementor-column elementor-col-100 elementor-top-column elementor-element elementor-element-4f12f5c2\" data-id=\"4f12f5c2\" data-element_type=\"column\" data-e-type=\"column\">\n\t\t\t<div class=\"elementor-widget-wrap elementor-element-populated\">\n\t\t\t\t\t\t<div class=\"elementor-element elementor-element-629744b7 elementor-widget elementor-widget-qi_addons_for_elementor_image_gallery\" data-id=\"629744b7\" data-element_type=\"widget\" data-e-type=\"widget\" data-widget_type=\"qi_addons_for_elementor_image_gallery.default\">\n\t\t\t\t<div class=\"elementor-widget-container\">\n\t\t\t\t\t<div class=\"qodef-shortcode qodef-m  qodef-qi-image-gallery qodef-qi-fslightbox-popup qodef-popup-gallery qodef-image--hover-zoom  qodef-qi-grid qodef-layout--qi-columns  qodef-col-num--3   qodef-responsive--predefined\">\n\t<div class=\"qodef-grid-inner\">\n\t\t<div class=\"qodef-e qodef-image-wrapper qodef-grid-item\">\n\t<div class=\"qodef-e-inner\">\n\t\t\t\t\t<a class=\"qodef-popup-item\" itemprop=\"image\" href=\"https:\/\/charlotte-depelissot.com\/wp-content\/uploads\/2022\/08\/LeCouvent-3_1080-1080.jpg\" data-type=\"image\" data-fslightbox=\"gallery-870\">\n\t\t\t\t\t<img loading=\"lazy\" decoding=\"async\" width=\"1080\" height=\"1080\" src=\"https:\/\/charlotte-depelissot.com\/wp-content\/uploads\/2022\/08\/LeCouvent-3_1080-1080.jpg\" class=\"attachment-full size-full\" alt=\"\" srcset=\"https:\/\/charlotte-depelissot.com\/wp-content\/uploads\/2022\/08\/LeCouvent-3_1080-1080.jpg 1080w, https:\/\/charlotte-depelissot.com\/wp-content\/uploads\/2022\/08\/LeCouvent-3_1080-1080-300x300.jpg 300w, https:\/\/charlotte-depelissot.com\/wp-content\/uploads\/2022\/08\/LeCouvent-3_1080-1080-1024x1024.jpg 1024w, https:\/\/charlotte-depelissot.com\/wp-content\/uploads\/2022\/08\/LeCouvent-3_1080-1080-150x150.jpg 150w, https:\/\/charlotte-depelissot.com\/wp-content\/uploads\/2022\/08\/LeCouvent-3_1080-1080-768x768.jpg 768w, https:\/\/charlotte-depelissot.com\/wp-content\/uploads\/2022\/08\/LeCouvent-3_1080-1080-650x650.jpg 650w, https:\/\/charlotte-depelissot.com\/wp-content\/uploads\/2022\/08\/LeCouvent-3_1080-1080-600x600.jpg 600w, https:\/\/charlotte-depelissot.com\/wp-content\/uploads\/2022\/08\/LeCouvent-3_1080-1080-100x100.jpg 100w\" sizes=\"(max-width: 1080px) 100vw, 1080px\" \/>\t\t\t\t\t<\/a>\n\t\t\t<\/div>\n<\/div>\n<div class=\"qodef-e qodef-image-wrapper qodef-grid-item\">\n\t<div class=\"qodef-e-inner\">\n\t\t\t\t\t<a class=\"qodef-popup-item\" itemprop=\"image\" href=\"https:\/\/charlotte-depelissot.com\/wp-content\/uploads\/2022\/08\/LeCouvent-1_1080-1080.jpg\" data-type=\"image\" data-fslightbox=\"gallery-870\">\n\t\t\t\t\t<img loading=\"lazy\" decoding=\"async\" width=\"1080\" height=\"1080\" src=\"https:\/\/charlotte-depelissot.com\/wp-content\/uploads\/2022\/08\/LeCouvent-1_1080-1080.jpg\" class=\"attachment-full size-full\" alt=\"\" srcset=\"https:\/\/charlotte-depelissot.com\/wp-content\/uploads\/2022\/08\/LeCouvent-1_1080-1080.jpg 1080w, https:\/\/charlotte-depelissot.com\/wp-content\/uploads\/2022\/08\/LeCouvent-1_1080-1080-300x300.jpg 300w, https:\/\/charlotte-depelissot.com\/wp-content\/uploads\/2022\/08\/LeCouvent-1_1080-1080-1024x1024.jpg 1024w, https:\/\/charlotte-depelissot.com\/wp-content\/uploads\/2022\/08\/LeCouvent-1_1080-1080-150x150.jpg 150w, https:\/\/charlotte-depelissot.com\/wp-content\/uploads\/2022\/08\/LeCouvent-1_1080-1080-768x768.jpg 768w, https:\/\/charlotte-depelissot.com\/wp-content\/uploads\/2022\/08\/LeCouvent-1_1080-1080-650x650.jpg 650w, https:\/\/charlotte-depelissot.com\/wp-content\/uploads\/2022\/08\/LeCouvent-1_1080-1080-600x600.jpg 600w, https:\/\/charlotte-depelissot.com\/wp-content\/uploads\/2022\/08\/LeCouvent-1_1080-1080-100x100.jpg 100w\" sizes=\"(max-width: 1080px) 100vw, 1080px\" \/>\t\t\t\t\t<\/a>\n\t\t\t<\/div>\n<\/div>\n<div class=\"qodef-e qodef-image-wrapper qodef-grid-item\">\n\t<div class=\"qodef-e-inner\">\n\t\t\t\t\t<a class=\"qodef-popup-item\" itemprop=\"image\" href=\"https:\/\/charlotte-depelissot.com\/wp-content\/uploads\/2022\/08\/LeCouvent-2_1080-1080.jpg\" data-type=\"image\" data-fslightbox=\"gallery-870\">\n\t\t\t\t\t<img loading=\"lazy\" decoding=\"async\" width=\"1080\" height=\"1080\" src=\"https:\/\/charlotte-depelissot.com\/wp-content\/uploads\/2022\/08\/LeCouvent-2_1080-1080.jpg\" class=\"attachment-full size-full\" alt=\"\" srcset=\"https:\/\/charlotte-depelissot.com\/wp-content\/uploads\/2022\/08\/LeCouvent-2_1080-1080.jpg 1080w, https:\/\/charlotte-depelissot.com\/wp-content\/uploads\/2022\/08\/LeCouvent-2_1080-1080-300x300.jpg 300w, https:\/\/charlotte-depelissot.com\/wp-content\/uploads\/2022\/08\/LeCouvent-2_1080-1080-1024x1024.jpg 1024w, https:\/\/charlotte-depelissot.com\/wp-content\/uploads\/2022\/08\/LeCouvent-2_1080-1080-150x150.jpg 150w, https:\/\/charlotte-depelissot.com\/wp-content\/uploads\/2022\/08\/LeCouvent-2_1080-1080-768x768.jpg 768w, https:\/\/charlotte-depelissot.com\/wp-content\/uploads\/2022\/08\/LeCouvent-2_1080-1080-650x650.jpg 650w, https:\/\/charlotte-depelissot.com\/wp-content\/uploads\/2022\/08\/LeCouvent-2_1080-1080-600x600.jpg 600w, https:\/\/charlotte-depelissot.com\/wp-content\/uploads\/2022\/08\/LeCouvent-2_1080-1080-100x100.jpg 100w\" sizes=\"(max-width: 1080px) 100vw, 1080px\" \/>\t\t\t\t\t<\/a>\n\t\t\t<\/div>\n<\/div>\n\t<\/div>\n<\/div>\n\t\t\t\t<\/div>\n\t\t\t\t<\/div>\n\t\t\t\t\t<\/div>\n\t\t<\/div>\n\t\t\t\t\t<\/div>\n\t\t<\/section>\n\t\t\t\t<section class=\"elementor-section elementor-top-section elementor-element elementor-element-60c271cf elementor-section-boxed elementor-section-height-default elementor-section-height-default qodef-elementor-content-no\" data-id=\"60c271cf\" data-element_type=\"section\" data-e-type=\"section\">\n\t\t\t\t\t\t<div class=\"elementor-container elementor-column-gap-default\">\n\t\t\t\t\t<div class=\"elementor-column elementor-col-50 elementor-top-column elementor-element elementor-element-4318212a\" data-id=\"4318212a\" data-element_type=\"column\" data-e-type=\"column\">\n\t\t\t<div class=\"elementor-widget-wrap elementor-element-populated\">\n\t\t\t\t\t\t<div class=\"elementor-element elementor-element-6dedc54a elementor-widget elementor-widget-button\" data-id=\"6dedc54a\" data-element_type=\"widget\" data-e-type=\"widget\" data-widget_type=\"button.default\">\n\t\t\t\t<div class=\"elementor-widget-container\">\n\t\t\t\t\t\t\t\t\t<div class=\"elementor-button-wrapper\">\n\t\t\t\t\t<a class=\"elementor-button elementor-button-link elementor-size-sm\" href=\"https:\/\/charlotte-depelissot.com\/index.php\/madame-charlotte\/\">\n\t\t\t\t\t\t<span class=\"elementor-button-content-wrapper\">\n\t\t\t\t\t\t<span class=\"elementor-button-icon\">\n\t\t\t\t<i aria-hidden=\"true\" class=\"far fa-arrow-alt-circle-left\"><\/i>\t\t\t<\/span>\n\t\t\t\t\t\t\t\t\t<span class=\"elementor-button-text\">Projet pr\u00e9c\u00e9dent<\/span>\n\t\t\t\t\t<\/span>\n\t\t\t\t\t<\/a>\n\t\t\t\t<\/div>\n\t\t\t\t\t\t\t\t<\/div>\n\t\t\t\t<\/div>\n\t\t\t\t\t<\/div>\n\t\t<\/div>\n\t\t\t\t<div class=\"elementor-column elementor-col-50 elementor-top-column elementor-element elementor-element-2755ef24\" data-id=\"2755ef24\" data-element_type=\"column\" data-e-type=\"column\">\n\t\t\t<div class=\"elementor-widget-wrap elementor-element-populated\">\n\t\t\t\t\t\t<div class=\"elementor-element elementor-element-7f8c6b85 elementor-align-right elementor-widget elementor-widget-button\" data-id=\"7f8c6b85\" data-element_type=\"widget\" data-e-type=\"widget\" data-widget_type=\"button.default\">\n\t\t\t\t<div class=\"elementor-widget-container\">\n\t\t\t\t\t\t\t\t\t<div class=\"elementor-button-wrapper\">\n\t\t\t\t\t<a class=\"elementor-button elementor-button-link elementor-size-sm\" href=\"https:\/\/charlotte-depelissot.com\/index.php\/kiss-my-chutney\/\">\n\t\t\t\t\t\t<span class=\"elementor-button-content-wrapper\">\n\t\t\t\t\t\t<span class=\"elementor-button-icon\">\n\t\t\t\t<i aria-hidden=\"true\" class=\"far fa-arrow-alt-circle-right\"><\/i>\t\t\t<\/span>\n\t\t\t\t\t\t\t\t\t<span class=\"elementor-button-text\">Projet suivant<\/span>\n\t\t\t\t\t<\/span>\n\t\t\t\t\t<\/a>\n\t\t\t\t<\/div>\n\t\t\t\t\t\t\t\t<\/div>\n\t\t\t\t<\/div>\n\t\t\t\t\t<\/div>\n\t\t<\/div>\n\t\t\t\t\t<\/div>\n\t\t<\/section>\n\t\t\t\t<\/div>\n\t\t","protected":false},"excerpt":{"rendered":"<p>le Couvent &#8211; Marseille Direction Artistique &amp; identit\u00e9 visuelle Cr\u00e9ation de l&rsquo;identit\u00e9 visuelle du Couvent, appartements de luxe \u00e0 Marseille : &gt; D\u00e9finition des besoins avec le client &gt; Accompagnement dans la r\u00e9flexion de l&rsquo;identit\u00e9 de marque &gt; Conception et cr\u00e9ation graphique du logo ainsi que de l\u2019ensemble de la charte graphique et des \u00e9l\u00e9ments [&hellip;]<\/p>\n","protected":false},"author":1,"featured_media":0,"parent":0,"menu_order":0,"comment_status":"closed","ping_status":"closed","template":"","meta":{"footnotes":""},"class_list":["post-2493","page","type-page","status-publish","hentry"],"_links":{"self":[{"href":"https:\/\/charlotte-depelissot.com\/index.php\/wp-json\/wp\/v2\/pages\/2493","targetHints":{"allow":["GET"]}}],"collection":[{"href":"https:\/\/charlotte-depelissot.com\/index.php\/wp-json\/wp\/v2\/pages"}],"about":[{"href":"https:\/\/charlotte-depelissot.com\/index.php\/wp-json\/wp\/v2\/types\/page"}],"author":[{"embeddable":true,"href":"https:\/\/charlotte-depelissot.com\/index.php\/wp-json\/wp\/v2\/users\/1"}],"replies":[{"embeddable":true,"href":"https:\/\/charlotte-depelissot.com\/index.php\/wp-json\/wp\/v2\/comments?post=2493"}],"version-history":[{"count":51,"href":"https:\/\/charlotte-depelissot.com\/index.php\/wp-json\/wp\/v2\/pages\/2493\/revisions"}],"predecessor-version":[{"id":3208,"href":"https:\/\/charlotte-depelissot.com\/index.php\/wp-json\/wp\/v2\/pages\/2493\/revisions\/3208"}],"wp:attachment":[{"href":"https:\/\/charlotte-depelissot.com\/index.php\/wp-json\/wp\/v2\/media?parent=2493"}],"curies":[{"name":"wp","href":"https:\/\/api.w.org\/{rel}","templated":true}]}}