{"id":2443,"date":"2022-08-11T15:03:37","date_gmt":"2022-08-11T13:03:37","guid":{"rendered":"http:\/\/charlotte-depelissot.com\/?page_id=2443"},"modified":"2022-09-08T17:08:45","modified_gmt":"2022-09-08T15:08:45","slug":"willow-grove","status":"publish","type":"page","link":"https:\/\/charlotte-depelissot.com\/index.php\/willow-grove\/","title":{"rendered":"Willow &#038; Grove"},"content":{"rendered":"\t\t<div data-elementor-type=\"wp-page\" data-elementor-id=\"2443\" class=\"elementor elementor-2443\" data-elementor-post-type=\"page\">\n\t\t\t\t\t\t<section class=\"elementor-section elementor-top-section elementor-element elementor-element-249f8fd9 elementor-section-boxed elementor-section-height-default elementor-section-height-default qodef-elementor-content-no\" data-id=\"249f8fd9\" data-element_type=\"section\" data-e-type=\"section\">\n\t\t\t\t\t\t<div class=\"elementor-container elementor-column-gap-default\">\n\t\t\t\t\t<div class=\"elementor-column elementor-col-100 elementor-top-column elementor-element elementor-element-280bd5ac\" data-id=\"280bd5ac\" data-element_type=\"column\" data-e-type=\"column\">\n\t\t\t<div class=\"elementor-widget-wrap elementor-element-populated\">\n\t\t\t\t\t\t<div class=\"elementor-element elementor-element-783dce86 elementor-widget elementor-widget-heading\" data-id=\"783dce86\" data-element_type=\"widget\" data-e-type=\"widget\" data-widget_type=\"heading.default\">\n\t\t\t\t<div class=\"elementor-widget-container\">\n\t\t\t\t\t<h1 class=\"elementor-heading-title elementor-size-default\">Willow &amp; Grove<\/h1>\t\t\t\t<\/div>\n\t\t\t\t<\/div>\n\t\t\t\t<div class=\"elementor-element elementor-element-5e89de1f elementor-widget elementor-widget-spacer\" data-id=\"5e89de1f\" data-element_type=\"widget\" data-e-type=\"widget\" data-widget_type=\"spacer.default\">\n\t\t\t\t<div class=\"elementor-widget-container\">\n\t\t\t\t\t\t\t<div class=\"elementor-spacer\">\n\t\t\t<div class=\"elementor-spacer-inner\"><\/div>\n\t\t<\/div>\n\t\t\t\t\t\t<\/div>\n\t\t\t\t<\/div>\n\t\t\t\t\t<\/div>\n\t\t<\/div>\n\t\t\t\t\t<\/div>\n\t\t<\/section>\n\t\t\t\t<section class=\"elementor-section elementor-top-section elementor-element elementor-element-03b2810 elementor-section-boxed elementor-section-height-default elementor-section-height-default qodef-elementor-content-no\" data-id=\"03b2810\" data-element_type=\"section\" data-e-type=\"section\">\n\t\t\t\t\t\t<div class=\"elementor-container elementor-column-gap-default\">\n\t\t\t\t\t<div class=\"elementor-column elementor-col-50 elementor-top-column elementor-element elementor-element-2825476\" data-id=\"2825476\" data-element_type=\"column\" data-e-type=\"column\">\n\t\t\t<div class=\"elementor-widget-wrap elementor-element-populated\">\n\t\t\t\t\t\t<div class=\"elementor-element elementor-element-a5382e0 elementor-widget elementor-widget-spacer\" data-id=\"a5382e0\" data-element_type=\"widget\" data-e-type=\"widget\" data-widget_type=\"spacer.default\">\n\t\t\t\t<div class=\"elementor-widget-container\">\n\t\t\t\t\t\t\t<div class=\"elementor-spacer\">\n\t\t\t<div class=\"elementor-spacer-inner\"><\/div>\n\t\t<\/div>\n\t\t\t\t\t\t<\/div>\n\t\t\t\t<\/div>\n\t\t\t\t<div class=\"elementor-element elementor-element-54c7ee9 elementor-widget elementor-widget-heading\" data-id=\"54c7ee9\" data-element_type=\"widget\" data-e-type=\"widget\" data-widget_type=\"heading.default\">\n\t\t\t\t<div class=\"elementor-widget-container\">\n\t\t\t\t\t<h2 class=\"elementor-heading-title elementor-size-default\">Dossier de presse<\/h2>\t\t\t\t<\/div>\n\t\t\t\t<\/div>\n\t\t\t\t<div class=\"elementor-element elementor-element-e8da324 elementor-widget elementor-widget-text-editor\" data-id=\"e8da324\" data-element_type=\"widget\" data-e-type=\"widget\" data-widget_type=\"text-editor.default\">\n\t\t\t\t<div class=\"elementor-widget-container\">\n\t\t\t\t\t\t\t\t\t<p>Cr\u00e9ation de l&rsquo;identit\u00e9 visuelle du dossier de presse de Willow &amp; Grove :<\/p><p>&gt; D\u00e9finition des besoins avec le client<\/p><p>&gt; Accompagnement dans la r\u00e9flexion de la cr\u00e9ation graphique du livret<\/p><p>&gt; <span style=\"background-color: #ffffff; font-family: inherit; font-style: inherit; letter-spacing: inherit; text-transform: inherit;\">Cr\u00e9ation du dossier de presse ainsi que l&rsquo;ambiance graphique qui animent ses pages.<\/span><\/p>\t\t\t\t\t\t\t\t<\/div>\n\t\t\t\t<\/div>\n\t\t\t\t\t<\/div>\n\t\t<\/div>\n\t\t\t\t<div class=\"elementor-column elementor-col-50 elementor-top-column elementor-element elementor-element-b1ca7fd\" data-id=\"b1ca7fd\" data-element_type=\"column\" data-e-type=\"column\">\n\t\t\t<div class=\"elementor-widget-wrap elementor-element-populated\">\n\t\t\t\t\t\t<div class=\"elementor-element elementor-element-bce857d animated-fast elementor-invisible elementor-widget elementor-widget-image\" data-id=\"bce857d\" data-element_type=\"widget\" data-e-type=\"widget\" data-settings=\"{&quot;_animation&quot;:&quot;fadeIn&quot;}\" data-widget_type=\"image.default\">\n\t\t\t\t<div class=\"elementor-widget-container\">\n\t\t\t\t\t\t\t\t\t\t\t\t\t\t\t<img fetchpriority=\"high\" decoding=\"async\" width=\"600\" height=\"600\" src=\"https:\/\/charlotte-depelissot.com\/wp-content\/uploads\/2022\/08\/WG_PageProjet.jpg\" class=\"attachment-large size-large wp-image-2447\" alt=\"\" srcset=\"https:\/\/charlotte-depelissot.com\/wp-content\/uploads\/2022\/08\/WG_PageProjet.jpg 600w, https:\/\/charlotte-depelissot.com\/wp-content\/uploads\/2022\/08\/WG_PageProjet-300x300.jpg 300w, https:\/\/charlotte-depelissot.com\/wp-content\/uploads\/2022\/08\/WG_PageProjet-150x150.jpg 150w, https:\/\/charlotte-depelissot.com\/wp-content\/uploads\/2022\/08\/WG_PageProjet-100x100.jpg 100w\" sizes=\"(max-width: 600px) 100vw, 600px\" \/>\t\t\t\t\t\t\t\t\t\t\t\t\t\t\t<\/div>\n\t\t\t\t<\/div>\n\t\t\t\t\t<\/div>\n\t\t<\/div>\n\t\t\t\t\t<\/div>\n\t\t<\/section>\n\t\t\t\t<section class=\"elementor-section elementor-top-section elementor-element elementor-element-525e09f0 elementor-section-boxed elementor-section-height-default elementor-section-height-default qodef-elementor-content-no\" data-id=\"525e09f0\" data-element_type=\"section\" data-e-type=\"section\">\n\t\t\t\t\t\t<div class=\"elementor-container elementor-column-gap-default\">\n\t\t\t\t\t<div class=\"elementor-column elementor-col-100 elementor-top-column elementor-element elementor-element-73fcbe54\" data-id=\"73fcbe54\" data-element_type=\"column\" data-e-type=\"column\">\n\t\t\t<div class=\"elementor-widget-wrap elementor-element-populated\">\n\t\t\t\t\t\t<div class=\"elementor-element elementor-element-15e64a6c elementor-widget elementor-widget-qi_addons_for_elementor_before_after\" data-id=\"15e64a6c\" data-element_type=\"widget\" data-e-type=\"widget\" data-widget_type=\"qi_addons_for_elementor_before_after.default\">\n\t\t\t\t<div class=\"elementor-widget-container\">\n\t\t\t\t\t<div class=\"qodef-shortcode qodef-m  qodef-qi-before-after qodef--horizontal\">\n\t<div class=\"qodef-before-after-image-holder qodef-m-image\" data-offset=\"50\">\n\t\t<img decoding=\"async\" width=\"2246\" height=\"1498\" src=\"https:\/\/charlotte-depelissot.com\/wp-content\/uploads\/2022\/08\/WG_PageProjet-1.jpg\" class=\"attachment-full size-full\" alt=\"\" srcset=\"https:\/\/charlotte-depelissot.com\/wp-content\/uploads\/2022\/08\/WG_PageProjet-1.jpg 2246w, https:\/\/charlotte-depelissot.com\/wp-content\/uploads\/2022\/08\/WG_PageProjet-1-300x200.jpg 300w, https:\/\/charlotte-depelissot.com\/wp-content\/uploads\/2022\/08\/WG_PageProjet-1-1024x683.jpg 1024w, https:\/\/charlotte-depelissot.com\/wp-content\/uploads\/2022\/08\/WG_PageProjet-1-768x512.jpg 768w, https:\/\/charlotte-depelissot.com\/wp-content\/uploads\/2022\/08\/WG_PageProjet-1-1536x1024.jpg 1536w, https:\/\/charlotte-depelissot.com\/wp-content\/uploads\/2022\/08\/WG_PageProjet-1-2048x1366.jpg 2048w, https:\/\/charlotte-depelissot.com\/wp-content\/uploads\/2022\/08\/WG_PageProjet-1-600x400.jpg 600w\" sizes=\"(max-width: 2246px) 100vw, 2246px\" \/><img decoding=\"async\" width=\"2246\" height=\"1498\" src=\"https:\/\/charlotte-depelissot.com\/wp-content\/uploads\/2022\/08\/WG_PageProjet-2.jpg\" class=\"attachment-full size-full\" alt=\"\" srcset=\"https:\/\/charlotte-depelissot.com\/wp-content\/uploads\/2022\/08\/WG_PageProjet-2.jpg 2246w, https:\/\/charlotte-depelissot.com\/wp-content\/uploads\/2022\/08\/WG_PageProjet-2-300x200.jpg 300w, https:\/\/charlotte-depelissot.com\/wp-content\/uploads\/2022\/08\/WG_PageProjet-2-1024x683.jpg 1024w, https:\/\/charlotte-depelissot.com\/wp-content\/uploads\/2022\/08\/WG_PageProjet-2-768x512.jpg 768w, https:\/\/charlotte-depelissot.com\/wp-content\/uploads\/2022\/08\/WG_PageProjet-2-1536x1024.jpg 1536w, https:\/\/charlotte-depelissot.com\/wp-content\/uploads\/2022\/08\/WG_PageProjet-2-2048x1366.jpg 2048w, https:\/\/charlotte-depelissot.com\/wp-content\/uploads\/2022\/08\/WG_PageProjet-2-600x400.jpg 600w\" sizes=\"(max-width: 2246px) 100vw, 2246px\" \/>\t<\/div>\n\t\t\t<div class=\"qodef-handle-text\">\n\t\t\tfaire glisser\t\t<\/div>\n\t<\/div>\n\t\t\t\t<\/div>\n\t\t\t\t<\/div>\n\t\t\t\t\t<\/div>\n\t\t<\/div>\n\t\t\t\t\t<\/div>\n\t\t<\/section>\n\t\t\t\t<section class=\"elementor-section elementor-top-section elementor-element elementor-element-396d8910 elementor-section-boxed elementor-section-height-default elementor-section-height-default qodef-elementor-content-no\" data-id=\"396d8910\" data-element_type=\"section\" data-e-type=\"section\">\n\t\t\t\t\t\t<div class=\"elementor-container elementor-column-gap-default\">\n\t\t\t\t\t<div class=\"elementor-column elementor-col-100 elementor-top-column elementor-element elementor-element-3234ea05\" data-id=\"3234ea05\" data-element_type=\"column\" data-e-type=\"column\">\n\t\t\t<div class=\"elementor-widget-wrap elementor-element-populated\">\n\t\t\t\t\t\t<div class=\"elementor-element elementor-element-38961e0f elementor-widget elementor-widget-qi_addons_for_elementor_image_gallery\" data-id=\"38961e0f\" data-element_type=\"widget\" data-e-type=\"widget\" data-widget_type=\"qi_addons_for_elementor_image_gallery.default\">\n\t\t\t\t<div class=\"elementor-widget-container\">\n\t\t\t\t\t<div class=\"qodef-shortcode qodef-m  qodef-qi-image-gallery qodef-qi-fslightbox-popup qodef-popup-gallery qodef-image--hover-zoom  qodef-qi-grid qodef-layout--qi-columns  qodef-col-num--3   qodef-responsive--predefined\">\n\t<div class=\"qodef-grid-inner\">\n\t\t<div class=\"qodef-e qodef-image-wrapper qodef-grid-item\">\n\t<div class=\"qodef-e-inner\">\n\t\t\t\t\t<a class=\"qodef-popup-item\" itemprop=\"image\" href=\"https:\/\/charlotte-depelissot.com\/wp-content\/uploads\/2022\/08\/WG-2_1080-1080.jpg\" data-type=\"image\" data-fslightbox=\"gallery-841\">\n\t\t\t\t\t<img loading=\"lazy\" decoding=\"async\" width=\"1080\" height=\"1080\" src=\"https:\/\/charlotte-depelissot.com\/wp-content\/uploads\/2022\/08\/WG-2_1080-1080.jpg\" class=\"attachment-full size-full\" alt=\"\" srcset=\"https:\/\/charlotte-depelissot.com\/wp-content\/uploads\/2022\/08\/WG-2_1080-1080.jpg 1080w, https:\/\/charlotte-depelissot.com\/wp-content\/uploads\/2022\/08\/WG-2_1080-1080-300x300.jpg 300w, https:\/\/charlotte-depelissot.com\/wp-content\/uploads\/2022\/08\/WG-2_1080-1080-1024x1024.jpg 1024w, https:\/\/charlotte-depelissot.com\/wp-content\/uploads\/2022\/08\/WG-2_1080-1080-150x150.jpg 150w, https:\/\/charlotte-depelissot.com\/wp-content\/uploads\/2022\/08\/WG-2_1080-1080-768x768.jpg 768w, https:\/\/charlotte-depelissot.com\/wp-content\/uploads\/2022\/08\/WG-2_1080-1080-650x650.jpg 650w, https:\/\/charlotte-depelissot.com\/wp-content\/uploads\/2022\/08\/WG-2_1080-1080-600x600.jpg 600w, https:\/\/charlotte-depelissot.com\/wp-content\/uploads\/2022\/08\/WG-2_1080-1080-100x100.jpg 100w\" sizes=\"(max-width: 1080px) 100vw, 1080px\" \/>\t\t\t\t\t<\/a>\n\t\t\t<\/div>\n<\/div>\n<div class=\"qodef-e qodef-image-wrapper qodef-grid-item\">\n\t<div class=\"qodef-e-inner\">\n\t\t\t\t\t<a class=\"qodef-popup-item\" itemprop=\"image\" href=\"https:\/\/charlotte-depelissot.com\/wp-content\/uploads\/2022\/08\/WG-3_1080-1080.jpg\" data-type=\"image\" data-fslightbox=\"gallery-841\">\n\t\t\t\t\t<img loading=\"lazy\" decoding=\"async\" width=\"1080\" height=\"1080\" src=\"https:\/\/charlotte-depelissot.com\/wp-content\/uploads\/2022\/08\/WG-3_1080-1080.jpg\" class=\"attachment-full size-full\" alt=\"\" srcset=\"https:\/\/charlotte-depelissot.com\/wp-content\/uploads\/2022\/08\/WG-3_1080-1080.jpg 1080w, https:\/\/charlotte-depelissot.com\/wp-content\/uploads\/2022\/08\/WG-3_1080-1080-300x300.jpg 300w, https:\/\/charlotte-depelissot.com\/wp-content\/uploads\/2022\/08\/WG-3_1080-1080-1024x1024.jpg 1024w, https:\/\/charlotte-depelissot.com\/wp-content\/uploads\/2022\/08\/WG-3_1080-1080-150x150.jpg 150w, https:\/\/charlotte-depelissot.com\/wp-content\/uploads\/2022\/08\/WG-3_1080-1080-768x768.jpg 768w, https:\/\/charlotte-depelissot.com\/wp-content\/uploads\/2022\/08\/WG-3_1080-1080-650x650.jpg 650w, https:\/\/charlotte-depelissot.com\/wp-content\/uploads\/2022\/08\/WG-3_1080-1080-600x600.jpg 600w, https:\/\/charlotte-depelissot.com\/wp-content\/uploads\/2022\/08\/WG-3_1080-1080-100x100.jpg 100w\" sizes=\"(max-width: 1080px) 100vw, 1080px\" \/>\t\t\t\t\t<\/a>\n\t\t\t<\/div>\n<\/div>\n<div class=\"qodef-e qodef-image-wrapper qodef-grid-item\">\n\t<div class=\"qodef-e-inner\">\n\t\t\t\t\t<a class=\"qodef-popup-item\" itemprop=\"image\" href=\"https:\/\/charlotte-depelissot.com\/wp-content\/uploads\/2022\/08\/WG-1_1080-1080.jpg\" data-type=\"image\" data-fslightbox=\"gallery-841\">\n\t\t\t\t\t<img loading=\"lazy\" decoding=\"async\" width=\"1080\" height=\"1080\" src=\"https:\/\/charlotte-depelissot.com\/wp-content\/uploads\/2022\/08\/WG-1_1080-1080.jpg\" class=\"attachment-full size-full\" alt=\"\" srcset=\"https:\/\/charlotte-depelissot.com\/wp-content\/uploads\/2022\/08\/WG-1_1080-1080.jpg 1080w, https:\/\/charlotte-depelissot.com\/wp-content\/uploads\/2022\/08\/WG-1_1080-1080-300x300.jpg 300w, https:\/\/charlotte-depelissot.com\/wp-content\/uploads\/2022\/08\/WG-1_1080-1080-1024x1024.jpg 1024w, https:\/\/charlotte-depelissot.com\/wp-content\/uploads\/2022\/08\/WG-1_1080-1080-150x150.jpg 150w, https:\/\/charlotte-depelissot.com\/wp-content\/uploads\/2022\/08\/WG-1_1080-1080-768x768.jpg 768w, https:\/\/charlotte-depelissot.com\/wp-content\/uploads\/2022\/08\/WG-1_1080-1080-650x650.jpg 650w, https:\/\/charlotte-depelissot.com\/wp-content\/uploads\/2022\/08\/WG-1_1080-1080-600x600.jpg 600w, https:\/\/charlotte-depelissot.com\/wp-content\/uploads\/2022\/08\/WG-1_1080-1080-100x100.jpg 100w\" sizes=\"(max-width: 1080px) 100vw, 1080px\" \/>\t\t\t\t\t<\/a>\n\t\t\t<\/div>\n<\/div>\n\t<\/div>\n<\/div>\n\t\t\t\t<\/div>\n\t\t\t\t<\/div>\n\t\t\t\t\t<\/div>\n\t\t<\/div>\n\t\t\t\t\t<\/div>\n\t\t<\/section>\n\t\t\t\t<section class=\"elementor-section elementor-top-section elementor-element elementor-element-43471de1 elementor-section-boxed elementor-section-height-default elementor-section-height-default qodef-elementor-content-no\" data-id=\"43471de1\" data-element_type=\"section\" data-e-type=\"section\">\n\t\t\t\t\t\t<div class=\"elementor-container elementor-column-gap-default\">\n\t\t\t\t\t<div class=\"elementor-column elementor-col-50 elementor-top-column elementor-element elementor-element-771e0855\" data-id=\"771e0855\" data-element_type=\"column\" data-e-type=\"column\">\n\t\t\t<div class=\"elementor-widget-wrap elementor-element-populated\">\n\t\t\t\t\t\t<div class=\"elementor-element elementor-element-4781e273 elementor-widget elementor-widget-button\" data-id=\"4781e273\" data-element_type=\"widget\" data-e-type=\"widget\" data-widget_type=\"button.default\">\n\t\t\t\t<div class=\"elementor-widget-container\">\n\t\t\t\t\t\t\t\t\t<div class=\"elementor-button-wrapper\">\n\t\t\t\t\t<a class=\"elementor-button elementor-button-link elementor-size-sm\" href=\"https:\/\/charlotte-depelissot.com\/index.php\/jolies-mirettes\/\">\n\t\t\t\t\t\t<span class=\"elementor-button-content-wrapper\">\n\t\t\t\t\t\t<span class=\"elementor-button-icon\">\n\t\t\t\t<i aria-hidden=\"true\" class=\"far fa-arrow-alt-circle-left\"><\/i>\t\t\t<\/span>\n\t\t\t\t\t\t\t\t\t<span class=\"elementor-button-text\">Projet pr\u00e9c\u00e9dent<\/span>\n\t\t\t\t\t<\/span>\n\t\t\t\t\t<\/a>\n\t\t\t\t<\/div>\n\t\t\t\t\t\t\t\t<\/div>\n\t\t\t\t<\/div>\n\t\t\t\t\t<\/div>\n\t\t<\/div>\n\t\t\t\t<div class=\"elementor-column elementor-col-50 elementor-top-column elementor-element elementor-element-7d6bb48f\" data-id=\"7d6bb48f\" data-element_type=\"column\" data-e-type=\"column\">\n\t\t\t<div class=\"elementor-widget-wrap elementor-element-populated\">\n\t\t\t\t\t\t<div class=\"elementor-element elementor-element-99744c0 elementor-align-right elementor-widget elementor-widget-button\" data-id=\"99744c0\" data-element_type=\"widget\" data-e-type=\"widget\" data-widget_type=\"button.default\">\n\t\t\t\t<div class=\"elementor-widget-container\">\n\t\t\t\t\t\t\t\t\t<div class=\"elementor-button-wrapper\">\n\t\t\t\t\t<a class=\"elementor-button elementor-button-link elementor-size-sm\" href=\"https:\/\/charlotte-depelissot.com\/index.php\/madame-charlotte\/\">\n\t\t\t\t\t\t<span class=\"elementor-button-content-wrapper\">\n\t\t\t\t\t\t<span class=\"elementor-button-icon\">\n\t\t\t\t<i aria-hidden=\"true\" class=\"far fa-arrow-alt-circle-right\"><\/i>\t\t\t<\/span>\n\t\t\t\t\t\t\t\t\t<span class=\"elementor-button-text\">Projet suivant<\/span>\n\t\t\t\t\t<\/span>\n\t\t\t\t\t<\/a>\n\t\t\t\t<\/div>\n\t\t\t\t\t\t\t\t<\/div>\n\t\t\t\t<\/div>\n\t\t\t\t\t<\/div>\n\t\t<\/div>\n\t\t\t\t\t<\/div>\n\t\t<\/section>\n\t\t\t\t<\/div>\n\t\t","protected":false},"excerpt":{"rendered":"<p>Willow &#038; Grove Dossier de presse Cr\u00e9ation de l&rsquo;identit\u00e9 visuelle du dossier de presse de Willow &amp; Grove : &gt; D\u00e9finition des besoins avec le client &gt; Accompagnement dans la r\u00e9flexion de la cr\u00e9ation graphique du livret &gt; Cr\u00e9ation du dossier de presse ainsi que l&rsquo;ambiance graphique qui animent ses pages. faire glisser Projet pr\u00e9c\u00e9dent [&hellip;]<\/p>\n","protected":false},"author":1,"featured_media":0,"parent":0,"menu_order":0,"comment_status":"closed","ping_status":"closed","template":"","meta":{"footnotes":""},"class_list":["post-2443","page","type-page","status-publish","hentry"],"_links":{"self":[{"href":"https:\/\/charlotte-depelissot.com\/index.php\/wp-json\/wp\/v2\/pages\/2443","targetHints":{"allow":["GET"]}}],"collection":[{"href":"https:\/\/charlotte-depelissot.com\/index.php\/wp-json\/wp\/v2\/pages"}],"about":[{"href":"https:\/\/charlotte-depelissot.com\/index.php\/wp-json\/wp\/v2\/types\/page"}],"author":[{"embeddable":true,"href":"https:\/\/charlotte-depelissot.com\/index.php\/wp-json\/wp\/v2\/users\/1"}],"replies":[{"embeddable":true,"href":"https:\/\/charlotte-depelissot.com\/index.php\/wp-json\/wp\/v2\/comments?post=2443"}],"version-history":[{"count":57,"href":"https:\/\/charlotte-depelissot.com\/index.php\/wp-json\/wp\/v2\/pages\/2443\/revisions"}],"predecessor-version":[{"id":3205,"href":"https:\/\/charlotte-depelissot.com\/index.php\/wp-json\/wp\/v2\/pages\/2443\/revisions\/3205"}],"wp:attachment":[{"href":"https:\/\/charlotte-depelissot.com\/index.php\/wp-json\/wp\/v2\/media?parent=2443"}],"curies":[{"name":"wp","href":"https:\/\/api.w.org\/{rel}","templated":true}]}}