{"id":2371,"date":"2022-08-11T12:02:07","date_gmt":"2022-08-11T10:02:07","guid":{"rendered":"http:\/\/charlotte-depelissot.com\/?page_id=2371"},"modified":"2024-09-09T20:25:29","modified_gmt":"2024-09-09T18:25:29","slug":"bio","status":"publish","type":"page","link":"https:\/\/charlotte-depelissot.com\/index.php\/bio\/","title":{"rendered":"Bio"},"content":{"rendered":"\t\t<div data-elementor-type=\"wp-page\" data-elementor-id=\"2371\" class=\"elementor elementor-2371\" data-elementor-post-type=\"page\">\n\t\t\t\t\t\t<section class=\"elementor-section elementor-top-section elementor-element elementor-element-5453c3d2 elementor-section-boxed elementor-section-height-default elementor-section-height-default qodef-elementor-content-no\" data-id=\"5453c3d2\" data-element_type=\"section\" data-e-type=\"section\">\n\t\t\t\t\t\t<div class=\"elementor-container elementor-column-gap-default\">\n\t\t\t\t\t<div class=\"elementor-column elementor-col-100 elementor-top-column elementor-element elementor-element-43409a4b\" data-id=\"43409a4b\" data-element_type=\"column\" data-e-type=\"column\">\n\t\t\t<div class=\"elementor-widget-wrap elementor-element-populated\">\n\t\t\t\t\t\t<div class=\"elementor-element elementor-element-4ae942a3 elementor-widget elementor-widget-heading\" data-id=\"4ae942a3\" data-element_type=\"widget\" data-e-type=\"widget\" data-widget_type=\"heading.default\">\n\t\t\t\t<div class=\"elementor-widget-container\">\n\t\t\t\t\t<h1 class=\"elementor-heading-title elementor-size-default\">Hello.<\/h1>\t\t\t\t<\/div>\n\t\t\t\t<\/div>\n\t\t\t\t<div class=\"elementor-element elementor-element-2e66d6fe elementor-widget elementor-widget-spacer\" data-id=\"2e66d6fe\" data-element_type=\"widget\" data-e-type=\"widget\" data-widget_type=\"spacer.default\">\n\t\t\t\t<div class=\"elementor-widget-container\">\n\t\t\t\t\t\t\t<div class=\"elementor-spacer\">\n\t\t\t<div class=\"elementor-spacer-inner\"><\/div>\n\t\t<\/div>\n\t\t\t\t\t\t<\/div>\n\t\t\t\t<\/div>\n\t\t\t\t\t<\/div>\n\t\t<\/div>\n\t\t\t\t\t<\/div>\n\t\t<\/section>\n\t\t\t\t<section class=\"elementor-section elementor-top-section elementor-element elementor-element-2bbd68cc elementor-section-boxed elementor-section-height-default elementor-section-height-default qodef-elementor-content-no\" data-id=\"2bbd68cc\" data-element_type=\"section\" data-e-type=\"section\">\n\t\t\t\t\t\t<div class=\"elementor-container elementor-column-gap-default\">\n\t\t\t\t\t<div class=\"elementor-column elementor-col-100 elementor-top-column elementor-element elementor-element-49f4d934\" data-id=\"49f4d934\" data-element_type=\"column\" data-e-type=\"column\">\n\t\t\t<div class=\"elementor-widget-wrap elementor-element-populated\">\n\t\t\t\t\t\t<div class=\"elementor-element elementor-element-4d369ff elementor-widget elementor-widget-qi_addons_for_elementor_dual_image_with_content\" data-id=\"4d369ff\" data-element_type=\"widget\" data-e-type=\"widget\" data-widget_type=\"qi_addons_for_elementor_dual_image_with_content.default\">\n\t\t\t\t<div class=\"elementor-widget-container\">\n\t\t\t\t\t<div class=\"qodef-shortcode qodef-m  qodef-qi-dual-image-with-content qodef--content-left qodef-decoration--italic qodef-link--underline-draw qodef-qi--has-appear \">\n\t<div class=\"qodef-dual-content\">\n\t\t<div class=\"qodef-m-inner-content\">\n\t\t\t\t<h2 class=\"qodef-m-title\">\n\t\tDirectrice artistique free lance\t<\/h2>\n\t\t\t\t<p class=\"qodef-m-text\">Styliste de formation et passionn\u00e9e par l\u2019univers de la mode, j\u2019ai d\u00e9cid\u00e9 en 2009 de reprendre mes \u00e9tudes afin d\u2019ajouter \u00e0 mon expertise un Master II en Design Graphique.\n\nDepuis 2019, j\u2019ai la chance d\u2019\u00eatre directrice artistique pour la marque de cartables POL FOX, une aventure riche en d\u00e9fis et en cr\u00e9ativit\u00e9. Aujourd\u2019hui, l\u2019envie d\u2019explorer de nouveaux horizons dans le domaine textile m\u2019anime, et je suis enthousiaste \u00e0 l\u2019id\u00e9e de collaborer sur des projets novateurs qui repoussent encore plus mes fronti\u00e8res cr\u00e9atives.\n\nSi vous le souhaitez, nous pouvons nous rencontrer pour discutez de vos projets.<\/p>\n\t\t<\/div>\n\t\t<div class=\"qodef-m-inner-bottom\">\n\t\t\t\t\t<\/div>\n\t<\/div>\n\t<div class=\"qodef-image-holder\">\n\t\t<div class=\"qodef-m-main-image\">\n\t<img fetchpriority=\"high\" decoding=\"async\" width=\"650\" height=\"650\" src=\"https:\/\/charlotte-depelissot.com\/wp-content\/uploads\/2018\/08\/DSC5228.jpg\" class=\"attachment-qi_addons_for_elementor_image_size_portrait size-qi_addons_for_elementor_image_size_portrait\" alt=\"\" srcset=\"https:\/\/charlotte-depelissot.com\/wp-content\/uploads\/2018\/08\/DSC5228.jpg 2362w, https:\/\/charlotte-depelissot.com\/wp-content\/uploads\/2018\/08\/DSC5228-300x300.jpg 300w, https:\/\/charlotte-depelissot.com\/wp-content\/uploads\/2018\/08\/DSC5228-100x100.jpg 100w, https:\/\/charlotte-depelissot.com\/wp-content\/uploads\/2018\/08\/DSC5228-600x600.jpg 600w, https:\/\/charlotte-depelissot.com\/wp-content\/uploads\/2018\/08\/DSC5228-150x150.jpg 150w, https:\/\/charlotte-depelissot.com\/wp-content\/uploads\/2018\/08\/DSC5228-768x768.jpg 768w, https:\/\/charlotte-depelissot.com\/wp-content\/uploads\/2018\/08\/DSC5228-1024x1024.jpg 1024w\" sizes=\"(max-width: 650px) 100vw, 650px\" \/><\/div>\n\t\t<div class=\"qodef-m-second-image\">\n\t<\/div>\n\t<\/div>\n<\/div>\n\t\t\t\t<\/div>\n\t\t\t\t<\/div>\n\t\t\t\t<div class=\"elementor-element elementor-element-4ad62187 elementor-widget elementor-widget-qi_addons_for_elementor_before_after\" data-id=\"4ad62187\" data-element_type=\"widget\" data-e-type=\"widget\" data-widget_type=\"qi_addons_for_elementor_before_after.default\">\n\t\t\t\t<div class=\"elementor-widget-container\">\n\t\t\t\t\t<div class=\"qodef-shortcode qodef-m  qodef-qi-before-after qodef--horizontal\">\n\t<div class=\"qodef-before-after-image-holder qodef-m-image\" data-offset=\"50\">\n\t\t\t<\/div>\n\t\t\t<div class=\"qodef-handle-text\">\n\t\t\tfaire glisser\t\t<\/div>\n\t<\/div>\n\t\t\t\t<\/div>\n\t\t\t\t<\/div>\n\t\t\t\t\t<\/div>\n\t\t<\/div>\n\t\t\t\t\t<\/div>\n\t\t<\/section>\n\t\t\t\t<\/div>\n\t\t","protected":false},"excerpt":{"rendered":"<p>Hello. Directrice artistique free lance Styliste de formation et passionn\u00e9e par l\u2019univers de la mode, j\u2019ai d\u00e9cid\u00e9 en 2009 de reprendre mes \u00e9tudes afin d\u2019ajouter \u00e0 mon expertise un Master II en Design Graphique. Depuis 2019, j\u2019ai la chance d\u2019\u00eatre directrice artistique pour la marque de cartables POL FOX, une aventure riche en d\u00e9fis et [&hellip;]<\/p>\n","protected":false},"author":1,"featured_media":0,"parent":0,"menu_order":0,"comment_status":"closed","ping_status":"closed","template":"","meta":{"footnotes":""},"class_list":["post-2371","page","type-page","status-publish","hentry"],"_links":{"self":[{"href":"https:\/\/charlotte-depelissot.com\/index.php\/wp-json\/wp\/v2\/pages\/2371","targetHints":{"allow":["GET"]}}],"collection":[{"href":"https:\/\/charlotte-depelissot.com\/index.php\/wp-json\/wp\/v2\/pages"}],"about":[{"href":"https:\/\/charlotte-depelissot.com\/index.php\/wp-json\/wp\/v2\/types\/page"}],"author":[{"embeddable":true,"href":"https:\/\/charlotte-depelissot.com\/index.php\/wp-json\/wp\/v2\/users\/1"}],"replies":[{"embeddable":true,"href":"https:\/\/charlotte-depelissot.com\/index.php\/wp-json\/wp\/v2\/comments?post=2371"}],"version-history":[{"count":16,"href":"https:\/\/charlotte-depelissot.com\/index.php\/wp-json\/wp\/v2\/pages\/2371\/revisions"}],"predecessor-version":[{"id":3329,"href":"https:\/\/charlotte-depelissot.com\/index.php\/wp-json\/wp\/v2\/pages\/2371\/revisions\/3329"}],"wp:attachment":[{"href":"https:\/\/charlotte-depelissot.com\/index.php\/wp-json\/wp\/v2\/media?parent=2371"}],"curies":[{"name":"wp","href":"https:\/\/api.w.org\/{rel}","templated":true}]}}