{"id":2128,"date":"2022-08-08T14:35:46","date_gmt":"2022-08-08T12:35:46","guid":{"rendered":"http:\/\/charlotte-depelissot.com\/?page_id=2128"},"modified":"2022-09-06T15:32:03","modified_gmt":"2022-09-06T13:32:03","slug":"winsleek","status":"publish","type":"page","link":"https:\/\/charlotte-depelissot.com\/index.php\/winsleek\/","title":{"rendered":"Winsleek"},"content":{"rendered":"\t\t<div data-elementor-type=\"wp-page\" data-elementor-id=\"2128\" class=\"elementor elementor-2128\" data-elementor-post-type=\"page\">\n\t\t\t\t\t\t<section class=\"elementor-section elementor-top-section elementor-element elementor-element-2460a331 elementor-section-boxed elementor-section-height-default elementor-section-height-default qodef-elementor-content-no\" data-id=\"2460a331\" data-element_type=\"section\" data-e-type=\"section\">\n\t\t\t\t\t\t<div class=\"elementor-container elementor-column-gap-default\">\n\t\t\t\t\t<div class=\"elementor-column elementor-col-100 elementor-top-column elementor-element elementor-element-56cc7dd\" data-id=\"56cc7dd\" data-element_type=\"column\" data-e-type=\"column\">\n\t\t\t<div class=\"elementor-widget-wrap elementor-element-populated\">\n\t\t\t\t\t\t<div class=\"elementor-element elementor-element-57bec8ba elementor-widget elementor-widget-heading\" data-id=\"57bec8ba\" data-element_type=\"widget\" data-e-type=\"widget\" data-widget_type=\"heading.default\">\n\t\t\t\t<div class=\"elementor-widget-container\">\n\t\t\t\t\t<h1 class=\"elementor-heading-title elementor-size-default\">Winsleek<\/h1>\t\t\t\t<\/div>\n\t\t\t\t<\/div>\n\t\t\t\t<div class=\"elementor-element elementor-element-277dc045 elementor-widget elementor-widget-spacer\" data-id=\"277dc045\" data-element_type=\"widget\" data-e-type=\"widget\" data-widget_type=\"spacer.default\">\n\t\t\t\t<div class=\"elementor-widget-container\">\n\t\t\t\t\t\t\t<div class=\"elementor-spacer\">\n\t\t\t<div class=\"elementor-spacer-inner\"><\/div>\n\t\t<\/div>\n\t\t\t\t\t\t<\/div>\n\t\t\t\t<\/div>\n\t\t\t\t\t<\/div>\n\t\t<\/div>\n\t\t\t\t\t<\/div>\n\t\t<\/section>\n\t\t\t\t<section class=\"elementor-section elementor-top-section elementor-element elementor-element-6244554 elementor-section-boxed elementor-section-height-default elementor-section-height-default qodef-elementor-content-no\" data-id=\"6244554\" data-element_type=\"section\" data-e-type=\"section\">\n\t\t\t\t\t\t<div class=\"elementor-container elementor-column-gap-default\">\n\t\t\t\t\t<div class=\"elementor-column elementor-col-50 elementor-top-column elementor-element elementor-element-f3b8462\" data-id=\"f3b8462\" data-element_type=\"column\" data-e-type=\"column\">\n\t\t\t<div class=\"elementor-widget-wrap elementor-element-populated\">\n\t\t\t\t\t\t<div class=\"elementor-element elementor-element-3b89c26 elementor-widget elementor-widget-spacer\" data-id=\"3b89c26\" data-element_type=\"widget\" data-e-type=\"widget\" data-widget_type=\"spacer.default\">\n\t\t\t\t<div class=\"elementor-widget-container\">\n\t\t\t\t\t\t\t<div class=\"elementor-spacer\">\n\t\t\t<div class=\"elementor-spacer-inner\"><\/div>\n\t\t<\/div>\n\t\t\t\t\t\t<\/div>\n\t\t\t\t<\/div>\n\t\t\t\t<div class=\"elementor-element elementor-element-52af137 animated-fast elementor-invisible elementor-widget elementor-widget-heading\" data-id=\"52af137\" data-element_type=\"widget\" data-e-type=\"widget\" data-settings=\"{&quot;_animation&quot;:&quot;fadeIn&quot;}\" data-widget_type=\"heading.default\">\n\t\t\t\t<div class=\"elementor-widget-container\">\n\t\t\t\t\t<h2 class=\"elementor-heading-title elementor-size-default\">Direction Artistique, identit\u00e9 visuelle &amp; packaging<\/h2>\t\t\t\t<\/div>\n\t\t\t\t<\/div>\n\t\t\t\t<div class=\"elementor-element elementor-element-f5c6de4 elementor-widget elementor-widget-text-editor\" data-id=\"f5c6de4\" data-element_type=\"widget\" data-e-type=\"widget\" data-widget_type=\"text-editor.default\">\n\t\t\t\t<div class=\"elementor-widget-container\">\n\t\t\t\t\t\t\t\t\t<p>Cr\u00e9ation pour le lancement de la marque WinSleek :<\/p><p>&gt; R\u00e9union, prise de brief<\/p><p>&gt; R\u00e9alisation de la ligne directrice et cr\u00e9ative du projet<\/p><p>&gt; Cr\u00e9ation de l&rsquo;identit\u00e9 visuelle,\u00a0<span style=\"background-color: #ffffff; font-family: inherit; font-style: inherit; letter-spacing: inherit; text-transform: inherit;\">logo,\u00a0<\/span><span style=\"background-color: #ffffff; font-family: inherit; font-style: inherit; letter-spacing: inherit; text-transform: inherit;\">charte graphique et supports de communication<\/span><\/p><p>&gt; Cr\u00e9ation des\u00a0<span style=\"background-color: #ffffff; font-family: inherit; font-style: inherit; letter-spacing: inherit; text-transform: inherit;\">packagings pour toute la gamme des lubrifiants pour v\u00e9lo WinSleek.<\/span><\/p>\t\t\t\t\t\t\t\t<\/div>\n\t\t\t\t<\/div>\n\t\t\t\t\t<\/div>\n\t\t<\/div>\n\t\t\t\t<div class=\"elementor-column elementor-col-50 elementor-top-column elementor-element elementor-element-9def7fd\" data-id=\"9def7fd\" data-element_type=\"column\" data-e-type=\"column\">\n\t\t\t<div class=\"elementor-widget-wrap elementor-element-populated\">\n\t\t\t\t\t\t<div class=\"elementor-element elementor-element-ef05c26 elementor-widget elementor-widget-image\" data-id=\"ef05c26\" data-element_type=\"widget\" data-e-type=\"widget\" data-widget_type=\"image.default\">\n\t\t\t\t<div class=\"elementor-widget-container\">\n\t\t\t\t\t\t\t\t\t\t\t\t\t\t\t<img fetchpriority=\"high\" decoding=\"async\" width=\"600\" height=\"600\" src=\"https:\/\/charlotte-depelissot.com\/wp-content\/uploads\/2022\/08\/Winsleek_PageProjet-Rainbow-1.jpg\" class=\"attachment-large size-large wp-image-2801\" alt=\"\" srcset=\"https:\/\/charlotte-depelissot.com\/wp-content\/uploads\/2022\/08\/Winsleek_PageProjet-Rainbow-1.jpg 600w, https:\/\/charlotte-depelissot.com\/wp-content\/uploads\/2022\/08\/Winsleek_PageProjet-Rainbow-1-300x300.jpg 300w, https:\/\/charlotte-depelissot.com\/wp-content\/uploads\/2022\/08\/Winsleek_PageProjet-Rainbow-1-150x150.jpg 150w, https:\/\/charlotte-depelissot.com\/wp-content\/uploads\/2022\/08\/Winsleek_PageProjet-Rainbow-1-100x100.jpg 100w\" sizes=\"(max-width: 600px) 100vw, 600px\" \/>\t\t\t\t\t\t\t\t\t\t\t\t\t\t\t<\/div>\n\t\t\t\t<\/div>\n\t\t\t\t\t<\/div>\n\t\t<\/div>\n\t\t\t\t\t<\/div>\n\t\t<\/section>\n\t\t\t\t<section class=\"elementor-section elementor-top-section elementor-element elementor-element-7762f859 elementor-section-boxed elementor-section-height-default elementor-section-height-default qodef-elementor-content-no\" data-id=\"7762f859\" data-element_type=\"section\" data-e-type=\"section\">\n\t\t\t\t\t\t<div class=\"elementor-container elementor-column-gap-default\">\n\t\t\t\t\t<div class=\"elementor-column elementor-col-100 elementor-top-column elementor-element elementor-element-431567a9\" data-id=\"431567a9\" data-element_type=\"column\" data-e-type=\"column\">\n\t\t\t<div class=\"elementor-widget-wrap elementor-element-populated\">\n\t\t\t\t\t\t<div class=\"elementor-element elementor-element-76002da1 elementor-widget elementor-widget-qi_addons_for_elementor_before_after\" data-id=\"76002da1\" data-element_type=\"widget\" data-e-type=\"widget\" data-widget_type=\"qi_addons_for_elementor_before_after.default\">\n\t\t\t\t<div class=\"elementor-widget-container\">\n\t\t\t\t\t<div class=\"qodef-shortcode qodef-m  qodef-qi-before-after qodef--horizontal\">\n\t<div class=\"qodef-before-after-image-holder qodef-m-image\" data-offset=\"50\">\n\t\t<img decoding=\"async\" width=\"2246\" height=\"1498\" src=\"https:\/\/charlotte-depelissot.com\/wp-content\/uploads\/2022\/08\/Winsleek_PageProjet-1.jpg\" class=\"attachment-full size-full\" alt=\"\" srcset=\"https:\/\/charlotte-depelissot.com\/wp-content\/uploads\/2022\/08\/Winsleek_PageProjet-1.jpg 2246w, https:\/\/charlotte-depelissot.com\/wp-content\/uploads\/2022\/08\/Winsleek_PageProjet-1-300x200.jpg 300w, https:\/\/charlotte-depelissot.com\/wp-content\/uploads\/2022\/08\/Winsleek_PageProjet-1-1024x683.jpg 1024w, https:\/\/charlotte-depelissot.com\/wp-content\/uploads\/2022\/08\/Winsleek_PageProjet-1-768x512.jpg 768w, https:\/\/charlotte-depelissot.com\/wp-content\/uploads\/2022\/08\/Winsleek_PageProjet-1-1536x1024.jpg 1536w, https:\/\/charlotte-depelissot.com\/wp-content\/uploads\/2022\/08\/Winsleek_PageProjet-1-2048x1366.jpg 2048w, https:\/\/charlotte-depelissot.com\/wp-content\/uploads\/2022\/08\/Winsleek_PageProjet-1-600x400.jpg 600w\" sizes=\"(max-width: 2246px) 100vw, 2246px\" \/><img decoding=\"async\" width=\"2246\" height=\"1498\" src=\"https:\/\/charlotte-depelissot.com\/wp-content\/uploads\/2022\/08\/Winsleek_PageProjet-2.jpg\" class=\"attachment-full size-full\" alt=\"\" srcset=\"https:\/\/charlotte-depelissot.com\/wp-content\/uploads\/2022\/08\/Winsleek_PageProjet-2.jpg 2246w, https:\/\/charlotte-depelissot.com\/wp-content\/uploads\/2022\/08\/Winsleek_PageProjet-2-300x200.jpg 300w, https:\/\/charlotte-depelissot.com\/wp-content\/uploads\/2022\/08\/Winsleek_PageProjet-2-1024x683.jpg 1024w, https:\/\/charlotte-depelissot.com\/wp-content\/uploads\/2022\/08\/Winsleek_PageProjet-2-768x512.jpg 768w, https:\/\/charlotte-depelissot.com\/wp-content\/uploads\/2022\/08\/Winsleek_PageProjet-2-1536x1024.jpg 1536w, https:\/\/charlotte-depelissot.com\/wp-content\/uploads\/2022\/08\/Winsleek_PageProjet-2-2048x1366.jpg 2048w, https:\/\/charlotte-depelissot.com\/wp-content\/uploads\/2022\/08\/Winsleek_PageProjet-2-600x400.jpg 600w\" sizes=\"(max-width: 2246px) 100vw, 2246px\" \/>\t<\/div>\n\t\t\t<div class=\"qodef-handle-text\">\n\t\t\tfaire glisser\t\t<\/div>\n\t<\/div>\n\t\t\t\t<\/div>\n\t\t\t\t<\/div>\n\t\t\t\t<div class=\"elementor-element elementor-element-72e2fc3d elementor-widget elementor-widget-qi_addons_for_elementor_image_gallery\" data-id=\"72e2fc3d\" data-element_type=\"widget\" data-e-type=\"widget\" data-widget_type=\"qi_addons_for_elementor_image_gallery.default\">\n\t\t\t\t<div class=\"elementor-widget-container\">\n\t\t\t\t\t<div class=\"qodef-shortcode qodef-m  qodef-qi-image-gallery qodef-qi-fslightbox-popup qodef-popup-gallery qodef-image--hover-zoom  qodef-qi-grid qodef-layout--qi-columns  qodef-col-num--3   qodef-responsive--predefined\">\n\t<div class=\"qodef-grid-inner\">\n\t\t<div class=\"qodef-e qodef-image-wrapper qodef-grid-item\">\n\t<div class=\"qodef-e-inner\">\n\t\t\t\t\t<a class=\"qodef-popup-item\" itemprop=\"image\" href=\"https:\/\/charlotte-depelissot.com\/wp-content\/uploads\/2022\/08\/Winsleek-1_1080-1080.jpg\" data-type=\"image\" data-fslightbox=\"gallery-632\">\n\t\t\t\t\t<img loading=\"lazy\" decoding=\"async\" width=\"1080\" height=\"1080\" src=\"https:\/\/charlotte-depelissot.com\/wp-content\/uploads\/2022\/08\/Winsleek-1_1080-1080.jpg\" class=\"attachment-full size-full\" alt=\"\" srcset=\"https:\/\/charlotte-depelissot.com\/wp-content\/uploads\/2022\/08\/Winsleek-1_1080-1080.jpg 1080w, https:\/\/charlotte-depelissot.com\/wp-content\/uploads\/2022\/08\/Winsleek-1_1080-1080-300x300.jpg 300w, https:\/\/charlotte-depelissot.com\/wp-content\/uploads\/2022\/08\/Winsleek-1_1080-1080-1024x1024.jpg 1024w, https:\/\/charlotte-depelissot.com\/wp-content\/uploads\/2022\/08\/Winsleek-1_1080-1080-150x150.jpg 150w, https:\/\/charlotte-depelissot.com\/wp-content\/uploads\/2022\/08\/Winsleek-1_1080-1080-768x768.jpg 768w, https:\/\/charlotte-depelissot.com\/wp-content\/uploads\/2022\/08\/Winsleek-1_1080-1080-650x650.jpg 650w, https:\/\/charlotte-depelissot.com\/wp-content\/uploads\/2022\/08\/Winsleek-1_1080-1080-600x600.jpg 600w, https:\/\/charlotte-depelissot.com\/wp-content\/uploads\/2022\/08\/Winsleek-1_1080-1080-100x100.jpg 100w\" sizes=\"(max-width: 1080px) 100vw, 1080px\" \/>\t\t\t\t\t<\/a>\n\t\t\t<\/div>\n<\/div>\n<div class=\"qodef-e qodef-image-wrapper qodef-grid-item\">\n\t<div class=\"qodef-e-inner\">\n\t\t\t\t\t<a class=\"qodef-popup-item\" itemprop=\"image\" href=\"https:\/\/charlotte-depelissot.com\/wp-content\/uploads\/2022\/08\/Winsleek-2_1080-1080.jpg\" data-type=\"image\" data-fslightbox=\"gallery-632\">\n\t\t\t\t\t<img loading=\"lazy\" decoding=\"async\" width=\"1080\" height=\"1080\" src=\"https:\/\/charlotte-depelissot.com\/wp-content\/uploads\/2022\/08\/Winsleek-2_1080-1080.jpg\" class=\"attachment-full size-full\" alt=\"\" srcset=\"https:\/\/charlotte-depelissot.com\/wp-content\/uploads\/2022\/08\/Winsleek-2_1080-1080.jpg 1080w, https:\/\/charlotte-depelissot.com\/wp-content\/uploads\/2022\/08\/Winsleek-2_1080-1080-300x300.jpg 300w, https:\/\/charlotte-depelissot.com\/wp-content\/uploads\/2022\/08\/Winsleek-2_1080-1080-1024x1024.jpg 1024w, https:\/\/charlotte-depelissot.com\/wp-content\/uploads\/2022\/08\/Winsleek-2_1080-1080-150x150.jpg 150w, https:\/\/charlotte-depelissot.com\/wp-content\/uploads\/2022\/08\/Winsleek-2_1080-1080-768x768.jpg 768w, https:\/\/charlotte-depelissot.com\/wp-content\/uploads\/2022\/08\/Winsleek-2_1080-1080-650x650.jpg 650w, https:\/\/charlotte-depelissot.com\/wp-content\/uploads\/2022\/08\/Winsleek-2_1080-1080-600x600.jpg 600w, https:\/\/charlotte-depelissot.com\/wp-content\/uploads\/2022\/08\/Winsleek-2_1080-1080-100x100.jpg 100w\" sizes=\"(max-width: 1080px) 100vw, 1080px\" \/>\t\t\t\t\t<\/a>\n\t\t\t<\/div>\n<\/div>\n<div class=\"qodef-e qodef-image-wrapper qodef-grid-item\">\n\t<div class=\"qodef-e-inner\">\n\t\t\t\t\t<a class=\"qodef-popup-item\" itemprop=\"image\" href=\"https:\/\/charlotte-depelissot.com\/wp-content\/uploads\/2022\/08\/Winsleek-3_1080-1080.jpg\" data-type=\"image\" data-fslightbox=\"gallery-632\">\n\t\t\t\t\t<img loading=\"lazy\" decoding=\"async\" width=\"1080\" height=\"1080\" src=\"https:\/\/charlotte-depelissot.com\/wp-content\/uploads\/2022\/08\/Winsleek-3_1080-1080.jpg\" class=\"attachment-full size-full\" alt=\"\" srcset=\"https:\/\/charlotte-depelissot.com\/wp-content\/uploads\/2022\/08\/Winsleek-3_1080-1080.jpg 1080w, https:\/\/charlotte-depelissot.com\/wp-content\/uploads\/2022\/08\/Winsleek-3_1080-1080-300x300.jpg 300w, https:\/\/charlotte-depelissot.com\/wp-content\/uploads\/2022\/08\/Winsleek-3_1080-1080-1024x1024.jpg 1024w, https:\/\/charlotte-depelissot.com\/wp-content\/uploads\/2022\/08\/Winsleek-3_1080-1080-150x150.jpg 150w, https:\/\/charlotte-depelissot.com\/wp-content\/uploads\/2022\/08\/Winsleek-3_1080-1080-768x768.jpg 768w, https:\/\/charlotte-depelissot.com\/wp-content\/uploads\/2022\/08\/Winsleek-3_1080-1080-650x650.jpg 650w, https:\/\/charlotte-depelissot.com\/wp-content\/uploads\/2022\/08\/Winsleek-3_1080-1080-600x600.jpg 600w, https:\/\/charlotte-depelissot.com\/wp-content\/uploads\/2022\/08\/Winsleek-3_1080-1080-100x100.jpg 100w\" sizes=\"(max-width: 1080px) 100vw, 1080px\" \/>\t\t\t\t\t<\/a>\n\t\t\t<\/div>\n<\/div>\n<div class=\"qodef-e qodef-image-wrapper qodef-grid-item\">\n\t<div class=\"qodef-e-inner\">\n\t\t\t\t\t<a class=\"qodef-popup-item\" itemprop=\"image\" href=\"https:\/\/charlotte-depelissot.com\/wp-content\/uploads\/2022\/08\/Winsleek-4_1080-1080.jpg\" data-type=\"image\" data-fslightbox=\"gallery-632\">\n\t\t\t\t\t<img loading=\"lazy\" decoding=\"async\" width=\"1080\" height=\"1080\" src=\"https:\/\/charlotte-depelissot.com\/wp-content\/uploads\/2022\/08\/Winsleek-4_1080-1080.jpg\" class=\"attachment-full size-full\" alt=\"\" srcset=\"https:\/\/charlotte-depelissot.com\/wp-content\/uploads\/2022\/08\/Winsleek-4_1080-1080.jpg 1080w, https:\/\/charlotte-depelissot.com\/wp-content\/uploads\/2022\/08\/Winsleek-4_1080-1080-300x300.jpg 300w, https:\/\/charlotte-depelissot.com\/wp-content\/uploads\/2022\/08\/Winsleek-4_1080-1080-1024x1024.jpg 1024w, https:\/\/charlotte-depelissot.com\/wp-content\/uploads\/2022\/08\/Winsleek-4_1080-1080-150x150.jpg 150w, https:\/\/charlotte-depelissot.com\/wp-content\/uploads\/2022\/08\/Winsleek-4_1080-1080-768x768.jpg 768w, https:\/\/charlotte-depelissot.com\/wp-content\/uploads\/2022\/08\/Winsleek-4_1080-1080-650x650.jpg 650w, https:\/\/charlotte-depelissot.com\/wp-content\/uploads\/2022\/08\/Winsleek-4_1080-1080-600x600.jpg 600w, https:\/\/charlotte-depelissot.com\/wp-content\/uploads\/2022\/08\/Winsleek-4_1080-1080-100x100.jpg 100w\" sizes=\"(max-width: 1080px) 100vw, 1080px\" \/>\t\t\t\t\t<\/a>\n\t\t\t<\/div>\n<\/div>\n<div class=\"qodef-e qodef-image-wrapper qodef-grid-item\">\n\t<div class=\"qodef-e-inner\">\n\t\t\t\t\t<a class=\"qodef-popup-item\" itemprop=\"image\" href=\"https:\/\/charlotte-depelissot.com\/wp-content\/uploads\/2022\/08\/Winsleek-5_1080-1080.jpg\" data-type=\"image\" data-fslightbox=\"gallery-632\">\n\t\t\t\t\t<img loading=\"lazy\" decoding=\"async\" width=\"1080\" height=\"1080\" src=\"https:\/\/charlotte-depelissot.com\/wp-content\/uploads\/2022\/08\/Winsleek-5_1080-1080.jpg\" class=\"attachment-full size-full\" alt=\"\" srcset=\"https:\/\/charlotte-depelissot.com\/wp-content\/uploads\/2022\/08\/Winsleek-5_1080-1080.jpg 1080w, https:\/\/charlotte-depelissot.com\/wp-content\/uploads\/2022\/08\/Winsleek-5_1080-1080-300x300.jpg 300w, https:\/\/charlotte-depelissot.com\/wp-content\/uploads\/2022\/08\/Winsleek-5_1080-1080-1024x1024.jpg 1024w, https:\/\/charlotte-depelissot.com\/wp-content\/uploads\/2022\/08\/Winsleek-5_1080-1080-150x150.jpg 150w, https:\/\/charlotte-depelissot.com\/wp-content\/uploads\/2022\/08\/Winsleek-5_1080-1080-768x768.jpg 768w, https:\/\/charlotte-depelissot.com\/wp-content\/uploads\/2022\/08\/Winsleek-5_1080-1080-650x650.jpg 650w, https:\/\/charlotte-depelissot.com\/wp-content\/uploads\/2022\/08\/Winsleek-5_1080-1080-600x600.jpg 600w, https:\/\/charlotte-depelissot.com\/wp-content\/uploads\/2022\/08\/Winsleek-5_1080-1080-100x100.jpg 100w\" sizes=\"(max-width: 1080px) 100vw, 1080px\" \/>\t\t\t\t\t<\/a>\n\t\t\t<\/div>\n<\/div>\n<div class=\"qodef-e qodef-image-wrapper qodef-grid-item\">\n\t<div class=\"qodef-e-inner\">\n\t\t\t\t\t<a class=\"qodef-popup-item\" itemprop=\"image\" href=\"https:\/\/charlotte-depelissot.com\/wp-content\/uploads\/2022\/08\/Winsleek-6_1080-1080.jpg\" data-type=\"image\" data-fslightbox=\"gallery-632\">\n\t\t\t\t\t<img loading=\"lazy\" decoding=\"async\" width=\"1080\" height=\"1080\" src=\"https:\/\/charlotte-depelissot.com\/wp-content\/uploads\/2022\/08\/Winsleek-6_1080-1080.jpg\" class=\"attachment-full size-full\" alt=\"\" srcset=\"https:\/\/charlotte-depelissot.com\/wp-content\/uploads\/2022\/08\/Winsleek-6_1080-1080.jpg 1080w, https:\/\/charlotte-depelissot.com\/wp-content\/uploads\/2022\/08\/Winsleek-6_1080-1080-300x300.jpg 300w, https:\/\/charlotte-depelissot.com\/wp-content\/uploads\/2022\/08\/Winsleek-6_1080-1080-1024x1024.jpg 1024w, https:\/\/charlotte-depelissot.com\/wp-content\/uploads\/2022\/08\/Winsleek-6_1080-1080-150x150.jpg 150w, https:\/\/charlotte-depelissot.com\/wp-content\/uploads\/2022\/08\/Winsleek-6_1080-1080-768x768.jpg 768w, https:\/\/charlotte-depelissot.com\/wp-content\/uploads\/2022\/08\/Winsleek-6_1080-1080-650x650.jpg 650w, https:\/\/charlotte-depelissot.com\/wp-content\/uploads\/2022\/08\/Winsleek-6_1080-1080-600x600.jpg 600w, https:\/\/charlotte-depelissot.com\/wp-content\/uploads\/2022\/08\/Winsleek-6_1080-1080-100x100.jpg 100w\" sizes=\"(max-width: 1080px) 100vw, 1080px\" \/>\t\t\t\t\t<\/a>\n\t\t\t<\/div>\n<\/div>\n\t<\/div>\n<\/div>\n\t\t\t\t<\/div>\n\t\t\t\t<\/div>\n\t\t\t\t\t<\/div>\n\t\t<\/div>\n\t\t\t\t\t<\/div>\n\t\t<\/section>\n\t\t\t\t<section class=\"elementor-section elementor-top-section elementor-element elementor-element-f0a2daf elementor-section-boxed elementor-section-height-default elementor-section-height-default qodef-elementor-content-no\" data-id=\"f0a2daf\" data-element_type=\"section\" data-e-type=\"section\">\n\t\t\t\t\t\t<div class=\"elementor-container elementor-column-gap-default\">\n\t\t\t\t\t<div class=\"elementor-column elementor-col-50 elementor-top-column elementor-element elementor-element-f12cad9\" data-id=\"f12cad9\" data-element_type=\"column\" data-e-type=\"column\">\n\t\t\t<div class=\"elementor-widget-wrap elementor-element-populated\">\n\t\t\t\t\t\t<div class=\"elementor-element elementor-element-33db63f elementor-widget elementor-widget-button\" data-id=\"33db63f\" data-element_type=\"widget\" data-e-type=\"widget\" data-widget_type=\"button.default\">\n\t\t\t\t<div class=\"elementor-widget-container\">\n\t\t\t\t\t\t\t\t\t<div class=\"elementor-button-wrapper\">\n\t\t\t\t\t<a class=\"elementor-button elementor-button-link elementor-size-sm\" href=\"https:\/\/charlotte-depelissot.com\/index.php\/pol-fox-1\/\">\n\t\t\t\t\t\t<span class=\"elementor-button-content-wrapper\">\n\t\t\t\t\t\t<span class=\"elementor-button-icon\">\n\t\t\t\t<i aria-hidden=\"true\" class=\"far fa-arrow-alt-circle-left\"><\/i>\t\t\t<\/span>\n\t\t\t\t\t\t\t\t\t<span class=\"elementor-button-text\">projet pr\u00e9c\u00e9dent<\/span>\n\t\t\t\t\t<\/span>\n\t\t\t\t\t<\/a>\n\t\t\t\t<\/div>\n\t\t\t\t\t\t\t\t<\/div>\n\t\t\t\t<\/div>\n\t\t\t\t\t<\/div>\n\t\t<\/div>\n\t\t\t\t<div class=\"elementor-column elementor-col-50 elementor-top-column elementor-element elementor-element-72355d8\" data-id=\"72355d8\" data-element_type=\"column\" data-e-type=\"column\">\n\t\t\t<div class=\"elementor-widget-wrap elementor-element-populated\">\n\t\t\t\t\t\t<div class=\"elementor-element elementor-element-c5d7784 elementor-align-right elementor-widget elementor-widget-button\" data-id=\"c5d7784\" data-element_type=\"widget\" data-e-type=\"widget\" data-widget_type=\"button.default\">\n\t\t\t\t<div class=\"elementor-widget-container\">\n\t\t\t\t\t\t\t\t\t<div class=\"elementor-button-wrapper\">\n\t\t\t\t\t<a class=\"elementor-button elementor-button-link elementor-size-sm\" href=\"https:\/\/charlotte-depelissot.com\/index.php\/les-nouveaux-affineurs\/\">\n\t\t\t\t\t\t<span class=\"elementor-button-content-wrapper\">\n\t\t\t\t\t\t<span class=\"elementor-button-icon\">\n\t\t\t\t<i aria-hidden=\"true\" class=\"far fa-arrow-alt-circle-right\"><\/i>\t\t\t<\/span>\n\t\t\t\t\t\t\t\t\t<span class=\"elementor-button-text\">Projet suivant<\/span>\n\t\t\t\t\t<\/span>\n\t\t\t\t\t<\/a>\n\t\t\t\t<\/div>\n\t\t\t\t\t\t\t\t<\/div>\n\t\t\t\t<\/div>\n\t\t\t\t\t<\/div>\n\t\t<\/div>\n\t\t\t\t\t<\/div>\n\t\t<\/section>\n\t\t\t\t<\/div>\n\t\t","protected":false},"excerpt":{"rendered":"<p>Winsleek Direction Artistique, identit\u00e9 visuelle &#038; packaging Cr\u00e9ation pour le lancement de la marque WinSleek : &gt; R\u00e9union, prise de brief &gt; R\u00e9alisation de la ligne directrice et cr\u00e9ative du projet &gt; Cr\u00e9ation de l&rsquo;identit\u00e9 visuelle,\u00a0logo,\u00a0charte graphique et supports de communication &gt; Cr\u00e9ation des\u00a0packagings pour toute la gamme des lubrifiants pour v\u00e9lo WinSleek. faire glisser [&hellip;]<\/p>\n","protected":false},"author":1,"featured_media":0,"parent":0,"menu_order":0,"comment_status":"closed","ping_status":"closed","template":"","meta":{"footnotes":""},"class_list":["post-2128","page","type-page","status-publish","hentry"],"_links":{"self":[{"href":"https:\/\/charlotte-depelissot.com\/index.php\/wp-json\/wp\/v2\/pages\/2128","targetHints":{"allow":["GET"]}}],"collection":[{"href":"https:\/\/charlotte-depelissot.com\/index.php\/wp-json\/wp\/v2\/pages"}],"about":[{"href":"https:\/\/charlotte-depelissot.com\/index.php\/wp-json\/wp\/v2\/types\/page"}],"author":[{"embeddable":true,"href":"https:\/\/charlotte-depelissot.com\/index.php\/wp-json\/wp\/v2\/users\/1"}],"replies":[{"embeddable":true,"href":"https:\/\/charlotte-depelissot.com\/index.php\/wp-json\/wp\/v2\/comments?post=2128"}],"version-history":[{"count":104,"href":"https:\/\/charlotte-depelissot.com\/index.php\/wp-json\/wp\/v2\/pages\/2128\/revisions"}],"predecessor-version":[{"id":3122,"href":"https:\/\/charlotte-depelissot.com\/index.php\/wp-json\/wp\/v2\/pages\/2128\/revisions\/3122"}],"wp:attachment":[{"href":"https:\/\/charlotte-depelissot.com\/index.php\/wp-json\/wp\/v2\/media?parent=2128"}],"curies":[{"name":"wp","href":"https:\/\/api.w.org\/{rel}","templated":true}]}}